{"id":2637,"date":"2019-11-29T17:07:57","date_gmt":"2019-11-29T17:07:57","guid":{"rendered":"https:\/\/gsoflog.lfo.tu-dortmund.de\/data-protection\/"},"modified":"2020-01-08T14:12:33","modified_gmt":"2020-01-08T14:12:33","slug":"data-protection","status":"publish","type":"page","link":"https:\/\/gsoflog.lfo.tu-dortmund.de\/en\/data-protection\/","title":{"rendered":"Data Protection"},"content":{"rendered":"<p>[et_pb_section fb_built=&#8221;1&#8243; _builder_version=&#8221;4.0.6&#8243; background_color=&#8221;rgba(109,164,0,0.3)&#8221; custom_padding=&#8221;0px||0px||false|false&#8221; border_color_top=&#8221;#ffffff&#8221; border_color_bottom=&#8221;#ffffff&#8221; global_module=&#8221;541&#8243; saved_tabs=&#8221;all&#8221;][et_pb_row _builder_version=&#8221;4.0.6&#8243; custom_padding=&#8221;6px||4px||false|false&#8221;][et_pb_column type=&#8221;4_4&#8243; _builder_version=&#8221;4.0.6&#8243;][et_pb_dmb_breadcrumbs use_home_text=&#8221;on&#8221; _builder_version=&#8221;4.0.7&#8243;][\/et_pb_dmb_breadcrumbs][\/et_pb_column][\/et_pb_row][\/et_pb_section][et_pb_section fb_built=&#8221;1&#8243; _builder_version=&#8221;4.0.7&#8243;][et_pb_row _builder_version=&#8221;4.0.7&#8243;][et_pb_column type=&#8221;4_4&#8243; _builder_version=&#8221;4.0.7&#8243;][et_pb_text _builder_version=&#8221;4.0.11&#8243; header_font=&#8221;|600|||||||&#8221; header_3_text_color=&#8221;#6da400&#8243; hover_enabled=&#8221;0&#8243;]<\/p>\n<h1>Data Protection<\/h1>\n<p>&nbsp;<\/p>\n<h3>Allgemeine Bemerkungen<\/h3>\n<p>Die oben genannte Organisationseinheit und das IT und Medien Centrum (ITMC) der Technischen Universit\u00e4t Dortmund nehmen den Schutz von personenbezogenen Daten sehr ernst. Wir verarbeiten personenbezogene Daten, die beim Besuch unserer Webseiten erhoben werden, unter Beachtung der geltenden datenschutzrechtlichen Bestimmungen. Es gelten insbesondere das Datenschutzgesetz NRW (DSG NRW), die Datenschutzgrundverordnung (DSGVO) und das Telemediengesetz.<\/p>\n<h3>Kontaktdaten des Datenschutzbeauftragten<\/h3>\n<p>Der Datenschutzbeauftragte des Verantwortlichen ist erreichbar unter:<br \/> <a href=\"mailto:datenschutzbeauftragter@tu-dortmund.de\">datenschutzbeauftragter@tu-dortmund.de<\/a><\/p>\n<p>TU Dortmund<br \/> Datenschutzbeauftragter<br \/> August-Schmidt-Str. 4<br \/> 44227 Dortmund<br \/> Telefon: 0231- 755 2539<br \/> <a href=\"mailto:ralf.offele@tu-dortmund.de\">ralf.offele@tu-dortmund.de<\/a><\/p>\n<h3>I Umfang der Verarbeitung personenbezogener Daten<\/h3>\n<p>Wir verarbeiten personenbezogene Daten unserer Nutzer grunds\u00e4tzlich nur, soweit dies zur Bereitstellung einer funktionsf\u00e4higen Website sowie unserer Inhalte und Leistungen erforderlich ist. Die Verarbeitung personenbezogener Daten unserer Nutzer erfolgt regelm\u00e4\u00dfig nur nach Einwilligung des Nutzers. Eine Ausnahme gilt in solchen F\u00e4llen, in denen eine vorherige Einholung einer Einwilligung aus tats\u00e4chlichen Gr\u00fcnden nicht m\u00f6glich ist und die Verarbeitung der Daten durch gesetzliche Vorschriften gestattet ist.<\/p>\n<h3>II Datenl\u00f6schung und Speicherdauer<\/h3>\n<p>Die personenbezogenen Daten der betroffenen Person werden gel\u00f6scht oder gesperrt, sobald der Zweck der Speicherung entf\u00e4llt. Eine Speicherung kann dar\u00fcber hinaus erfolgen, wenn dies durch den europ\u00e4ischen oder nationalen Gesetzgeber in unionsrechtlichen Verordnungen, Gesetzen oder sonstigen Vorschriften, denen der Verantwortliche unterliegt, vorgesehen wurde. Eine Sperrung oder L\u00f6schung der Daten erfolgt auch dann, wenn eine durch die genannten Normen vorgeschriebene Speicherfrist abl\u00e4uft, es sei denn, dass eine Erforderlichkeit zur weiteren Speicherung der Daten f\u00fcr einen Vertragsabschluss oder eine Vertragserf\u00fcllung besteht.<\/p>\n<h3>III Bereitstellung der Website und Erstellung von Logfiles<\/h3>\n<h4>1. Beschreibung und Umfang der Datenverarbeitung<\/h4>\n<p>Bei jedem Aufruf unserer Internetseite erfasst unser System automatisiert Daten und Informationen vom Computersystem des aufrufenden Rechners.<\/p>\n<p>Folgende Daten werden hierbei erhoben:<\/p>\n<ul>\n<li>Informationen \u00fcber den Browsertyp und die verwendete Version<\/li>\n<li>Betriebssystem des Nutzers<\/li>\n<li>IP-Adresse des Nutzers<\/li>\n<li>Datum und Uhrzeit des Zugriffs<\/li>\n<\/ul>\n<p>Die Daten werden ebenfalls in den Logfiles unseres Systems gespeichert. Eine Speicherung dieser Daten zusammen mit anderen personenbezogenen Daten des Nutzers findet nicht statt.<\/p>\n<h4>2. Zweck und Rechtsgrundlage f\u00fcr die Datenverarbeitung<\/h4>\n<p>Die vor\u00fcbergehende Speicherung der IP-Adresse durch das System ist notwendig, um eine Auslieferung der Website an den Rechner des Nutzers zu erm\u00f6glichen. Hierf\u00fcr muss die IP-Adresse des Nutzers f\u00fcr die Dauer der Sitzung gespeichert bleiben. (Erforderlichkeit zur Erf\u00fcllung der Aufgabe der Hochschule Art. 6 Abs. 1 lit. e DSGVO)<\/p>\n<p>Die Speicherung in Logfiles erfolgt, um die Funktionsf\u00e4higkeit der Website sicherzustellen. Zudem dienen uns die Daten zur Optimierung der Website und zur Sicherstellung der Sicherheit unserer informationstechnischen Systeme. Eine Auswertung der Daten zu Marketingzwecken findet in diesem Zusammenhang nicht statt. (Erforderlichkeit zur Erf\u00fcllung der Aufgabe der Hochschule Art. 6 Abs. 1 lit. e DSGVO)<\/p>\n<h4>3. Dauer der Speicherung<\/h4>\n<p>Die Verarbeitung findet w\u00e4hrend der Nutzung bis zum Ende der jeweiligen Sitzung statt.<\/p>\n<p>Im Falle der Speicherung der Daten in Logfiles ist dies nach sp\u00e4testens 24 Stunden der Fall. Danach sind die IP-Adressen der Nutzer anonymisiert, sodass eine Zuordnung des aufrufenden Clients nicht mehr m\u00f6glich ist.<\/p>\n<h4>4. Anmeldung zu unserem Newsletter<\/h4>\n<p><span>Sofern Sie nach Art. 6 Abs. 1 S. 1 lit. a DSGVO ausdr\u00fccklich eingewilligt haben, verwenden wir Ihre E-Mail-Adresse daf\u00fcr, Ihnen regelm\u00e4\u00dfig Informationen zu \u00fcbersenden, die Sie \u00fcber die Arbeit und die Veranstaltungen der GSofLog und anderer relevanter Einrichtungen informieren.<\/span><\/p>\n<p><span>Nach Ihrer Anmeldung erhalten Sie per E-Mail eine Registrierungsbenachrichtigung, die Sie best\u00e4tigen m\u00fcssen, um die Informationen zu empfangen (sog. Double Opt-In). Dies dient uns als Nachweis dar\u00fcber, dass die Registrierung tats\u00e4chlich von Ihnen initiiert wurde.<\/span><\/p>\n<p><span>Die Abmeldung ist jederzeit m\u00f6glich, z. B. \u00fcber einen Link am Ende einer jeden Aussendung. Alternativ k\u00f6nnen Sie Ihren Abmeldewunsch gerne auch jederzeit an <a href=\"mailto:info@gsoflog.de\">info@gsoflog.de<\/a><\/span><span> senden.<\/span><br \/><span>Ihre E-Mail-Adresse wird nach Widerruf Ihrer Einwilligung zur Zusendung unserer Informationen umgehend aus unserem Verteiler gel\u00f6scht.<\/span><span> <\/span><\/p>\n<p>&nbsp;<\/p>\n<h3>IV Webanalyse\/Tracking<\/h3>\n<p>Wir setzen auf unserer Webseite die Open-Source-Software<span> <\/span><a href=\"https:\/\/matomo.org\/\">Matomo von InnoCraft Ltd<\/a><span> <\/span>aus Neuseeland ein, um das Nutzerverhalten bei Besuchen auf unserer Seite zu analysieren und unsere Seite und ihre Inhalte entsprechend darauf basierend zu optimieren. Dabei erhalten wir keine Informationen, die Sie unmittelbar identifizieren.<\/p>\n<p>In der von uns eingesetzten Variante von Matomo werden Vorkehrungen mittels der DoNotTrack-Technologie beachtet (siehe hierzu<span> <\/span><a href=\"http:\/\/www.donottrack.us\/\">www.donottrack.us<\/a>) mit der Folge, dass Ihr Webseitenbesuch nicht erfasst wird, wenn Sie in den Einstellungen Ihres Internet-Browsers vermerkt haben, dass Sie kein Tracking w\u00fcnschen.<\/p>\n<p>Im Zusammenhang mit dem Einsatz von Matomo werden Cookies eingesetzt, die eine statistische Analyse der Nutzung dieser Website durch Ihre Besuche erm\u00f6glichen. In dem Cookie werden Informationen \u2013 einschlie\u00dflich personenbezogener Informationen -zu Ihrem Besucherverhalten abgelegt und unter Verwendung eines Pseudonyms in einem Nutzungsprofil zum Zwecke der Analyse verarbeitet. Da Matomo auf unseren eigenen Server gehostet wird, ist f\u00fcr die Analyse eine Verarbeitung durch Dritte nicht erforderlich.<\/p>\n<p>Die dabei gewonnenen Daten werden ohne Ihre gesondert erteilte Zustimmung nicht benutzt, um Sie pers\u00f6nlich zu identifizieren und die Daten werden nicht mit personenbezogenen Daten \u00fcber Sie als Tr\u00e4ger des Pseudonyms zusammengef\u00fchrt.<\/p>\n<p>Soweit IP-Adressen erhoben werden, werden diese unverz\u00fcglich nach Erhebung durch L\u00f6schen des letzten Nummernblocks anonymisiert.<\/p>\n<p>Die Datenverarbeitung erfolgt auf Grund unseres berechtigten Interesses gem\u00e4\u00df Art. 6 Abs.1 S. 1 lit. f DSGVO zum Zwecke der Optimierung unseres Online-Angebotes und unseres Webauftritts.<\/p>\n<p id=\"matomo_opted_out_intro\" style=\"display:none;\">Opt-out complete; your visits to this website will not be recorded by the Web Analytics tool. Note that if you clear your cookies, delete the opt-out cookie, or if you change computers or Web browsers, you will need to perform the opt-out procedure again.<\/p><p id=\"matomo_opted_in_intro\" >You may choose to prevent this website from aggregating and analyzing the actions you take here. Doing so will protect your privacy, but will also prevent the owner from learning from your actions and creating a better experience for you and other users.<\/p><form>\n        <input type=\"checkbox\" id=\"matomo_optout_checkbox\" checked=\"checked\"\/>\n        <label for=\"matomo_optout_checkbox\"><strong>\n        <span id=\"matomo_opted_in_label\" >You are not opted out. Uncheck this box to opt-out.<\/span>\n\t\t<span id=\"matomo_opted_out_label\" style=\"display:none;\">You are currently opted out. Check this box to opt-in.<\/span>\n        <\/strong><\/label><\/form><noscript><p><strong style=\"color: #ff0000;\">This opt out feature requires JavaScript.<\/strong><\/p><\/noscript><p id=\"matomo_outout_err_cookies\" style=\"display: none;\"><strong>The tracking opt-out feature requires cookies to be enabled.<\/strong><\/p>\n<h3>V Rechte der betroffenen Person<\/h3>\n<p>Werden personenbezogene Daten von Ihnen verarbeitet, sind Sie betroffene Person i.S.d. DSGVO und es stehen Ihnen folgende Rechte gegen\u00fcber dem Verantwortlichen zu:<\/p>\n<p>Wenn sie ihre Rechte in Anspruch nehmen wollen, wenden Sie sich bitte an den Datenschutzbeauftragten der TU Dortmund.<\/p>\n<h4>1. Auskunft (Art 15 DSGVO)<\/h4>\n<p>Sie haben das Recht auf Auskunft \u00fcber Sie betreffende personenbezogene Daten, die erhoben, verarbeitet oder ggf. an Dritte \u00fcbermittelt werden.<\/p>\n<h4>2. Widerspruch (Art. 21 DSGVO)<\/h4>\n<p>Sie haben das Recht gegen die Verarbeitung Ihrer personenbezogenen Daten Widerspruch einzulegen, soweit die Verarbeitung auf der Grundlage von Art. 6 (1) e oder f DSGVO erfolgt.<\/p>\n<h4>3. L\u00f6schung (Art 17 DSGVO)<\/h4>\n<p>Insbesondere nach Ablauf der gesetzlich vorgeschriebenen Aufbewahrungsfristen haben Sie ein Recht auf L\u00f6schung Ihrer Daten.<\/p>\n<h4>4. Einschr\u00e4nkung der Verarbeitung (Art 18 DSGVO)<\/h4>\n<p>In besonderen F\u00e4llen haben Sie das Recht auf Einschr\u00e4nkung der Verarbeitung. Dies ist dann der Fall, wenn die Datenverarbeitung unrechtm\u00e4\u00dfig sein sollte, Sie die Richtigkeit der erhobenen Daten bestreiten oder ein Widerspruch gegen die Verarbeitung eingelegt haben. Ebenso k\u00f6nnen Sie eine Einschr\u00e4nkung der Verarbeitung verlangen, wenn die Daten aufgrund der Zweckerreichung einer L\u00f6schpflicht unterliegen, Sie sie jedoch zur Geltendmachung von rechtlichen Anspr\u00fcchen ben\u00f6tigen. Eine Einschr\u00e4nkung der Verarbeitung m\u00fcssen Sie beantragen.<\/p>\n<h4>5. Berichtigung (Art 16 DSGVO)<\/h4>\n<p>Sie haben das Recht auf Berichtigung unrichtiger personenbezogener Daten.<\/p>\n<h4>6. Recht auf Widerruf der datenschutzrechtlichen Einwilligungserkl\u00e4rung (Art 7 DSGVO)<\/h4>\n<p>Sie haben das Recht, Ihre datenschutzrechtliche Einwilligungserkl\u00e4rung jederzeit zu widerrufen. Durch den Widerruf der Einwilligung wird die Rechtm\u00e4\u00dfigkeit der aufgrund der Einwilligung bis zum Widerruf erfolgten Verarbeitung nicht ber\u00fchrt.<\/p>\n<h4>7. Recht auf Beschwerde bei einer Aufsichtsbeh\u00f6rde<\/h4>\n<p>Sie k\u00f6nnen sich jederzeit mit allen Fragen zum Datenschutz und um sich zu beschweren an eine Datenschutzaufsichtsbeh\u00f6rde wenden. Zust\u00e4ndig ist in unserem Fall die Landesbeauftragte f\u00fcr Datenschutz und Informationsfreiheit in Nordrhein-Westfalen.<\/p>\n<p>[\/et_pb_text][\/et_pb_column][\/et_pb_row][\/et_pb_section]<\/p>\n","protected":false},"excerpt":{"rendered":"<p>Data Protection &nbsp; Allgemeine Bemerkungen Die oben genannte Organisationseinheit und das IT und Medien Centrum (ITMC) der Technischen Universit\u00e4t Dortmund nehmen den Schutz von personenbezogenen Daten sehr ernst. Wir verarbeiten personenbezogene Daten, die beim Besuch unserer Webseiten erhoben werden, unter Beachtung der geltenden datenschutzrechtlichen Bestimmungen. Es gelten insbesondere das Datenschutzgesetz NRW (DSG NRW), die Datenschutzgrundverordnung [&hellip;]<\/p>\n","protected":false},"author":1,"featured_media":0,"parent":0,"menu_order":0,"comment_status":"closed","ping_status":"closed","template":"","meta":{"_et_pb_use_builder":"on","_et_pb_old_content":"","_et_gb_content_width":"","footnotes":"","_links_to":"","_links_to_target":""},"class_list":["post-2637","page","type-page","status-publish","hentry"],"_links":{"self":[{"href":"https:\/\/gsoflog.lfo.tu-dortmund.de\/en\/wp-json\/wp\/v2\/pages\/2637","targetHints":{"allow":["GET"]}}],"collection":[{"href":"https:\/\/gsoflog.lfo.tu-dortmund.de\/en\/wp-json\/wp\/v2\/pages"}],"about":[{"href":"https:\/\/gsoflog.lfo.tu-dortmund.de\/en\/wp-json\/wp\/v2\/types\/page"}],"author":[{"embeddable":true,"href":"https:\/\/gsoflog.lfo.tu-dortmund.de\/en\/wp-json\/wp\/v2\/users\/1"}],"replies":[{"embeddable":true,"href":"https:\/\/gsoflog.lfo.tu-dortmund.de\/en\/wp-json\/wp\/v2\/comments?post=2637"}],"version-history":[{"count":3,"href":"https:\/\/gsoflog.lfo.tu-dortmund.de\/en\/wp-json\/wp\/v2\/pages\/2637\/revisions"}],"predecessor-version":[{"id":3042,"href":"https:\/\/gsoflog.lfo.tu-dortmund.de\/en\/wp-json\/wp\/v2\/pages\/2637\/revisions\/3042"}],"wp:attachment":[{"href":"https:\/\/gsoflog.lfo.tu-dortmund.de\/en\/wp-json\/wp\/v2\/media?parent=2637"}],"curies":[{"name":"wp","href":"https:\/\/api.w.org\/{rel}","templated":true}]}}