{"id":2682,"date":"2019-11-28T11:03:08","date_gmt":"2019-11-28T11:03:08","guid":{"rendered":"https:\/\/gsoflog.lfo.tu-dortmund.de\/phd-school-2017\/"},"modified":"2019-12-02T20:18:25","modified_gmt":"2019-12-02T20:18:25","slug":"phd-school-2017","status":"publish","type":"page","link":"https:\/\/gsoflog.lfo.tu-dortmund.de\/en\/phd-school\/phd-school-2017\/","title":{"rendered":"PhD School 2017"},"content":{"rendered":"<p>[et_pb_section fb_built=&#8221;1&#8243; _builder_version=&#8221;4.0.6&#8243; background_color=&#8221;rgba(109,164,0,0.3)&#8221; custom_padding=&#8221;0px||0px||false|false&#8221; border_color_top=&#8221;#ffffff&#8221; border_color_bottom=&#8221;#ffffff&#8221; global_module=&#8221;541&#8243; saved_tabs=&#8221;all&#8221;][et_pb_row _builder_version=&#8221;4.0.6&#8243; custom_padding=&#8221;6px||4px||false|false&#8221;][et_pb_column type=&#8221;4_4&#8243; _builder_version=&#8221;4.0.6&#8243;][et_pb_dmb_breadcrumbs use_home_text=&#8221;on&#8221; _builder_version=&#8221;4.0.6&#8243;][\/et_pb_dmb_breadcrumbs][\/et_pb_column][\/et_pb_row][\/et_pb_section][et_pb_section fb_built=&#8221;1&#8243; _builder_version=&#8221;4.0.6&#8243;][et_pb_row column_structure=&#8221;1_4,3_4&#8243; _builder_version=&#8221;4.0.6&#8243; custom_padding=&#8221;0px|||||&#8221;][et_pb_column type=&#8221;1_4&#8243; _builder_version=&#8221;4.0.6&#8243;][\/et_pb_column][et_pb_column type=&#8221;3_4&#8243; _builder_version=&#8221;4.0.6&#8243;][et_pb_text _builder_version=&#8221;4.0.7&#8243; header_font=&#8221;|600|||||||&#8221; header_text_color=&#8221;#f39300&#8243; header_3_font=&#8221;|600|||||||&#8221; header_3_text_color=&#8221;#f39300&#8243; header_3_line_height=&#8221;1.4em&#8221; header_4_font=&#8221;|600||on|||||&#8221; header_4_text_color=&#8221;#f39300&#8243; hover_enabled=&#8221;0&#8243;]<\/p>\n<h1>PhD School of Logistics 2017<\/h1>\n<p>PhD School of Logistics 2017<br \/> Fraunhofer IML | Dortmund | Germany<\/p>\n<p>[\/et_pb_text][\/et_pb_column][\/et_pb_row][et_pb_row column_structure=&#8221;1_4,3_4&#8243; _builder_version=&#8221;4.0.6&#8243; custom_padding=&#8221;||0px|||&#8221;][et_pb_column type=&#8221;1_4&#8243; _builder_version=&#8221;4.0.6&#8243;][\/et_pb_column][et_pb_column type=&#8221;3_4&#8243; _builder_version=&#8221;4.0.6&#8243;][\/et_pb_column][\/et_pb_row][\/et_pb_section][et_pb_section fb_built=&#8221;1&#8243; module_id=&#8221;blurb-tabs&#8221; _builder_version=&#8221;4.0.6&#8243; custom_padding=&#8221;0px||0px|||&#8221;][et_pb_row column_structure=&#8221;1_4,1_4,1_4,1_4&#8243; use_custom_gutter=&#8221;on&#8221; gutter_width=&#8221;1&#8243; make_equal=&#8221;on&#8221; _builder_version=&#8221;4.0.7&#8243; background_color=&#8221;#ffffff&#8221; custom_padding=&#8221;0px||0px|||&#8221;][et_pb_column type=&#8221;1_4&#8243; _builder_version=&#8221;4.0.6&#8243;][et_pb_blurb title=&#8221;Program&#8221; url=&#8221;#tab1&#8243; image=&#8221;https:\/\/gsoflog.lfo.tu-dortmund.de\/wp-content\/uploads\/2019\/11\/phd-2019-what-to-expect-2.jpg&#8221; admin_label=&#8221;Programm&#8221; module_class=&#8221;tab-title active-tab&#8221; _builder_version=&#8221;4.0.7&#8243; header_font=&#8221;|600|||||||&#8221; header_text_color=&#8221;#ffffff&#8221; background_color=&#8221;#f39300&#8243; text_orientation=&#8221;center&#8221; custom_margin=&#8221;0px||0px||false|false&#8221; custom_padding=&#8221;0px||12px||false|false&#8221; hover_enabled=&#8221;0&#8243; custom_css_blurb_image=&#8221;margin-bottom: 16px;&#8221;][\/et_pb_blurb][\/et_pb_column][et_pb_column type=&#8221;1_4&#8243; _builder_version=&#8221;4.0.6&#8243;][et_pb_blurb title=&#8221;Registration&#8221; url=&#8221;#tab2&#8243; image=&#8221;https:\/\/gsoflog.lfo.tu-dortmund.de\/wp-content\/uploads\/2019\/11\/phd-2019-registration.jpg&#8221; admin_label=&#8221;Anmeldung&#8221; module_class=&#8221;tab-title&#8221; _builder_version=&#8221;4.0.7&#8243; header_font=&#8221;|600|||||||&#8221; header_text_color=&#8221;#ffffff&#8221; background_color=&#8221;#f39300&#8243; text_orientation=&#8221;center&#8221; custom_margin=&#8221;0px||0px||false|false&#8221; custom_padding=&#8221;0px||12px||false|false&#8221; hover_enabled=&#8221;0&#8243; custom_css_blurb_image=&#8221;margin-bottom: 16px;&#8221;][\/et_pb_blurb][\/et_pb_column][et_pb_column type=&#8221;1_4&#8243; _builder_version=&#8221;4.0.6&#8243;][et_pb_blurb title=&#8221;Sponsoring&#8221; url=&#8221;#tab4&#8243; image=&#8221;https:\/\/gsoflog.lfo.tu-dortmund.de\/wp-content\/uploads\/2019\/11\/phd-2019-sponsoring.jpg&#8221; admin_label=&#8221;Sponsoring&#8221; module_class=&#8221;tab-title&#8221; _builder_version=&#8221;4.0.6&#8243; header_font=&#8221;|600|||||||&#8221; header_text_color=&#8221;#ffffff&#8221; background_color=&#8221;#f39300&#8243; text_orientation=&#8221;center&#8221; custom_margin=&#8221;0px||0px||false|false&#8221; custom_padding=&#8221;0px||12px||false|false&#8221; hover_enabled=&#8221;0&#8243; custom_css_blurb_image=&#8221;margin-bottom: 16px;&#8221;][\/et_pb_blurb][\/et_pb_column][et_pb_column type=&#8221;1_4&#8243; _builder_version=&#8221;4.0.6&#8243;][et_pb_blurb title=&#8221;English&#8221; url=&#8221;#tab3&#8243; image=&#8221;https:\/\/gsoflog.lfo.tu-dortmund.de\/wp-content\/uploads\/2019\/11\/phd-2019-venue.jpg&#8221; admin_label=&#8221;English&#8221; module_class=&#8221;tab-title&#8221; _builder_version=&#8221;4.0.7&#8243; header_font=&#8221;|600|||||||&#8221; header_text_color=&#8221;#ffffff&#8221; background_color=&#8221;#f39300&#8243; text_orientation=&#8221;center&#8221; custom_margin=&#8221;0px||0px||false|false&#8221; custom_padding=&#8221;0px||12px||false|false&#8221; hover_enabled=&#8221;0&#8243; custom_css_blurb_image=&#8221;margin-bottom: 16px;&#8221;][\/et_pb_blurb][\/et_pb_column][\/et_pb_row][\/et_pb_section][et_pb_section fb_built=&#8221;1&#8243; admin_label=&#8221;Programm&#8221; module_id=&#8221;tab1&#8243; module_class=&#8221;tab-content tab-open&#8221; _builder_version=&#8221;4.0.6&#8243; background_color=&#8221;#e6e6e6&#8243;][et_pb_row column_structure=&#8221;1_4,3_4&#8243; _builder_version=&#8221;4.0.6&#8243; custom_margin=&#8221;||||false|false&#8221; custom_padding=&#8221;20px||||false|false&#8221; locked=&#8221;off&#8221;][et_pb_column type=&#8221;1_4&#8243; _builder_version=&#8221;4.0.6&#8243;][\/et_pb_column][et_pb_column type=&#8221;3_4&#8243; _builder_version=&#8221;4.0.6&#8243;][et_pb_text ul_type=&#8221;square&#8221; ul_item_indent=&#8221;18px&#8221; _builder_version=&#8221;4.0.7&#8243; header_text_color=&#8221;#f39300&#8243; header_3_font=&#8221;|600|||||||&#8221; header_3_text_color=&#8221;#f39300&#8243; header_3_font_size=&#8221;24px&#8221; header_4_font=&#8221;|600|||||||&#8221; header_4_text_color=&#8221;#f39300&#8243; header_4_font_size=&#8221;20px&#8221; header_4_line_height=&#8221;1.4em&#8221; custom_margin=&#8221;0px||30px||false|false&#8221; hover_enabled=&#8221;0&#8243;]<\/p>\n<h3>Das Programm im \u00dcberblick:<\/h3>\n<p>Die Live Case Study verbindet eine Exkursion zu einem Unternehmen, mit Experteninterviews vor Ort und der M\u00f6glichkeit eine konkrete Problemstellung aus der Praxis in interdisziplin\u00e4ren Teams zu bearbeiten. Industrie 4.0 steht f\u00fcr Vernetzung, neue Technologien und den fachlichen Austausch \u00fcber Abteilungen und Fachbereiche hinweg. In unserer Live Case Study leben wir Industrie 4.0 und entwickeln in f\u00fcnf Teams f\u00fcnf L\u00f6sungskonzepte. Das beste Konzept wird vom Unternehmen pr\u00e4miert.<\/p>\n<p>Im Design Thinking Workshop gehen wir einen Schritt weiter. Hier werden konkrete Ideen f\u00fcr gemeinsame wissenschaftliche Paper und innovative Produkte entwickelt. Besonders brillante Ideen haben die M\u00f6glichkeit \u00fcber den Digital Hub Logistik bis zur Gr\u00fcndung gef\u00f6rdert zu werden. Dar\u00fcber hinaus bietet das Leistungszentrum Logistik und IT ein ideales Netzwerk f\u00fcr gemeinsame Ver\u00f6ffentlichungen.<\/p>\n<p>Die Themen Collaborative Research, Digital Business Engineering und Digital Transformation, Gamification, Operations Management und Simulation sind durch hochkar\u00e4tige G\u00e4ste aus den USA, Schweden, Spanien und Deutschland besetzt. Abgerundet wird das Programm durch ein gemeinsames Escape Game aus dem Themenfeld der Smart Maintenance.<\/p>\n<p>[\/et_pb_text][et_pb_image src=&#8221;https:\/\/gsoflog.lfo.tu-dortmund.de\/wp-content\/uploads\/Programme_PhDSoL2017.png&#8221; show_in_lightbox=&#8221;on&#8221; _builder_version=&#8221;4.0.7&#8243; background_enable_color=&#8221;off&#8221; hover_enabled=&#8221;0&#8243; locked=&#8221;off&#8221;][\/et_pb_image][et_pb_text ul_type=&#8221;square&#8221; ul_item_indent=&#8221;18px&#8221; _builder_version=&#8221;4.0.7&#8243; header_text_color=&#8221;#f39300&#8243; header_3_font=&#8221;|600|||||||&#8221; header_3_text_color=&#8221;#f39300&#8243; header_3_font_size=&#8221;24px&#8221; header_4_font=&#8221;|600|||||||&#8221; header_4_text_color=&#8221;#f39300&#8243; header_4_font_size=&#8221;20px&#8221; header_4_line_height=&#8221;1.4em&#8221; custom_margin=&#8221;38px||||false|false&#8221; hover_enabled=&#8221;0&#8243;]<\/p>\n<div class=\"entry-content article\">\n<p>Die Inhalte des Programms sind aufeinander abgestimmt. Deshalb setzt eine Teilnahme voraus, dass am kompletten Programm teilgenommen wird.<\/p>\n<div class=\"clearfix\"><\/div>\n<\/div>\n<p>[\/et_pb_text][\/et_pb_column][\/et_pb_row][\/et_pb_section][et_pb_section fb_built=&#8221;1&#8243; admin_label=&#8221;Anmeldung&#8221; module_id=&#8221;tab2&#8243; module_class=&#8221;tab-content&#8221; _builder_version=&#8221;4.0.6&#8243; background_color=&#8221;#e6e6e6&#8243;][et_pb_row column_structure=&#8221;1_4,3_4&#8243; _builder_version=&#8221;4.0.6&#8243; custom_margin=&#8221;0px||||false|false&#8221; custom_padding=&#8221;20px||||false|false&#8221; locked=&#8221;off&#8221;][et_pb_column type=&#8221;1_4&#8243; _builder_version=&#8221;4.0.6&#8243;][\/et_pb_column][et_pb_column type=&#8221;3_4&#8243; _builder_version=&#8221;4.0.6&#8243;][et_pb_text ul_type=&#8221;square&#8221; ul_item_indent=&#8221;18px&#8221; _builder_version=&#8221;4.0.7&#8243; header_text_color=&#8221;#f39300&#8243; header_3_font=&#8221;|600|||||||&#8221; header_3_text_color=&#8221;#f39300&#8243; header_3_font_size=&#8221;24px&#8221; header_4_font=&#8221;|600|||||||&#8221; header_4_text_color=&#8221;#f39300&#8243; header_4_font_size=&#8221;20px&#8221; header_4_line_height=&#8221;1.4em&#8221; custom_margin=&#8221;0px||||false|false&#8221; custom_padding=&#8221;0px||||false|false&#8221; hover_enabled=&#8221;0&#8243;]<\/p>\n<h3>Participation:<\/h3>\n<ul>\n<li>Die Inhalte des Programms der PhD School of Logistics sind aufeinander abgestimmt. Deshalb setzt eine Teilnahme voraus, dass am kompletten Programm teilgenommen wird.<\/li>\n<li>F\u00fcr die Teilnahme an der Summer School f\u00e4llt eine Teilnahmegeb\u00fchr von 390 Euro an. Im Nachgang zur Veranstaltung erhaltet ihr eine Rechnung. Die Rechnungsadresse wird bereits bei der Anmeldung hinterlegt.<\/li>\n<li>Motivation zur Teilnahme: Die Teilnehmerzahl ist begrenzt. \u00dcber die Zulassung zur Summer School entscheidet der Sprecher der Graduate School of Logistics anhand der angegebenen Motivation. Die Motivation wird \u00fcber das Anmeldformular \u00fcbermittelt und umfasst 2.000 Zeichen inklusive Leerzeichen.<\/li>\n<li>Mitmachen d\u00fcrfen Promovierende der Logistik und ihrer angrenzenden Fachbereiche (beispielsweise Informatik, Maschinenbau, Wirtschaftsingenieurwesen, Betriebswirtschaftslehre, \u2026) weltweit.<\/li>\n<li>Veranstaltungssprache ist Englisch.<\/li>\n<\/ul>\n<h3>Zur Anmeldung:<\/h3>\n<p><span id=\"sample-permalink\"><span id=\"editable-post-name\">Die Anmeldung ist geschlossen<\/span>. Alle Pl\u00e4tze sind vergeben.<\/span><\/p>\n<p>[\/et_pb_text][\/et_pb_column][\/et_pb_row][\/et_pb_section][et_pb_section fb_built=&#8221;1&#8243; admin_label=&#8221;English&#8221; module_id=&#8221;tab3&#8243; module_class=&#8221;tab-content&#8221; _builder_version=&#8221;4.0.6&#8243; background_color=&#8221;#e6e6e6&#8243;][et_pb_row column_structure=&#8221;1_4,3_4&#8243; _builder_version=&#8221;4.0.6&#8243; custom_margin=&#8221;0px||||false|false&#8221; custom_padding=&#8221;20px||||false|false&#8221; locked=&#8221;off&#8221;][et_pb_column type=&#8221;1_4&#8243; _builder_version=&#8221;4.0.6&#8243;][\/et_pb_column][et_pb_column type=&#8221;3_4&#8243; _builder_version=&#8221;4.0.6&#8243;][et_pb_text ul_type=&#8221;square&#8221; ul_item_indent=&#8221;18px&#8221; _builder_version=&#8221;4.0.7&#8243; header_text_color=&#8221;#f39300&#8243; header_3_font=&#8221;|600|||||||&#8221; header_3_text_color=&#8221;#f39300&#8243; header_3_font_size=&#8221;24px&#8221; header_4_font=&#8221;|600|||||||&#8221; header_4_text_color=&#8221;#f39300&#8243; header_4_font_size=&#8221;20px&#8221; header_4_line_height=&#8221;1.4em&#8221; custom_margin=&#8221;0px||||false|false&#8221; custom_padding=&#8221;0px||||false|false&#8221; hover_enabled=&#8221;0&#8243;]<\/p>\n<h3>PhD School of Logistics<\/h3>\n<p>This year\u2019s Summer School of the Graduate School of Logistics will take place from September 4 to 8, 2017 at the Fraunhofer Institute for Material Flow and Logistics in Dortmund. The focus is on \u2018Interdisciplinary Science\u2019. Participants from different countries and disciplines, international scientists and experts from Center of Excellence Logistics and IT work together intensively for one week. Theory becomes practice.<\/p>\n<p>Following the mission statement of the Graduate School of Logistics, the program provides a balanced mix of theoretical foundations and practical implementation. In addition to keynotes, we offer hands-on workshops in the laboratories of Fraunhofer IML and a Live Case Study in a Company. You will act in interdisciplinary groups, create new ideas and work on concrete examples from the business world.<\/p>\n<h4>Program<\/h4>\n<p>The Live Case Study combines an excursion to a company, with expert interviews and the possibility to work on a concrete problem. Digitalization or \u201cIndustry 4.0\u201d stands for networking, new technologies and exchange across departments and disciplines. In our Live Case Study we live Industry 4.0 and develop five solution concepts in five teams. The company will award the best concept.<\/p>\n<p>In the Design Thinking Workshop, we go one step further. Here, concrete ideas for common scientific papers and innovative products will be developed. Particularly brilliant ideas have the possibility to be promoted through the Digital Hub Logistics. In addition, the Center of Excellence Logistics and IT provides an ideal network for joint publications.<\/p>\n<p>International guests will present the topics Collaborative Research, Digital Business Engineering and Digital Transformation, Gamification, Operations Management and Simulation from the USA, Sweden, Spain and Germany. In addition, we will offer an Escape Game.<\/p>\n<p>[\/et_pb_text][et_pb_image _builder_version=&#8221;4.0.7&#8243; src=&#8221;https:\/\/gsoflog.lfo.tu-dortmund.de\/wp-content\/uploads\/Programme_PhDSoL2017.png&#8221; show_in_lightbox=&#8221;on&#8221; hover_enabled=&#8221;0&#8243;][\/et_pb_image][et_pb_text ul_type=&#8221;square&#8221; ul_item_indent=&#8221;18px&#8221; _builder_version=&#8221;4.0.7&#8243; header_text_color=&#8221;#f39300&#8243; header_3_font=&#8221;|600|||||||&#8221; header_3_text_color=&#8221;#f39300&#8243; header_3_font_size=&#8221;24px&#8221; header_4_font=&#8221;|600|||||||&#8221; header_4_text_color=&#8221;#f39300&#8243; header_4_font_size=&#8221;20px&#8221; header_4_line_height=&#8221;1.4em&#8221; custom_margin=&#8221;0px||||false|false&#8221; custom_padding=&#8221;0px||||false|false&#8221; hover_enabled=&#8221;0&#8243;]<\/p>\n<h4>Network<\/h4>\n<p>The PhD School of Logistics offers a network of international doctoral students and international scientist from the logistics sector. All participants will be members of the network and can benefit from cooperation and exchange.<\/p>\n<h4>Application<\/h4>\n<ul>\n<li>You are a doctoral student in logistics, mechanical engineering, computer science or business engineering.<\/li>\n<li>You are planning to participate in the entire program.<\/li>\n<li>You can tell us your motivation for participating.<\/li>\n<li>You are interested in a program with scientific and practical aspects.<\/li>\n<li>You want to be a member of an important logistics network.<\/li>\n<li>You want to learn from international scientists.<\/li>\n<li>You want to face challenges from practice.<\/li>\n<li>You are ready to work hard and creative for one week.<\/li>\n<\/ul>\n<h4>Suggestions for accommodation<\/h4>\n<p><a href=\"https:\/\/www.melia.com\/en\/hotels\/germany\/dortmund\/tryp-dortmund-hotel\/index.html\" target=\"_blank\" rel=\"noopener noreferrer\">TRYP Dortmund Hotel<\/a><br \/> Emil-Figge Strasse 41<br \/> 44227 Dortmund<br \/> (15 minutes walk to event location)<\/p>\n<p><a href=\"https:\/\/www.steigenberger.com\/en\/hotels\/all-hotels\/germany\/dortmund\/steigenberger-hotel-dortmund\" target=\"_blank\" rel=\"noopener noreferrer\">Steigenberger Dortmund<\/a><br \/> Berswordtstra\u00dfe 2<br \/> 44139 Dortmund<br \/> (Close to the \u201cKreuzviertel\u201d \u2013 a district with many bars and restaurants)<\/p>\n<h4>Venue<\/h4>\n<p>The Summer School will take place from September 04-08, 2017 at the Fraunhofer Institute for Material Flow and Logistics, Dortmund, Germany.<\/p>\n<h4>Address<\/h4>\n<p>Fraunhofer Institute for Material Flow and Logistics<br \/> Joseph-von-Fraunhofer-Str. 2-4<br \/> 44227 Dortmund, Germany<\/p>\n<h4>How to arrive?<\/h4>\n<p><em>By plane<\/em><br \/> Dortmund offers good train connections to major German cities. If you travel by plane, you might directly fly to Dortmund from some European cities. Often flying to D\u00fcsseldorf Airport will be the most convenient choice. D\u00fcsseldorf International Airport is only 0.45 hours from Dortmund Main Station. Finally, Frankfurt Airport could be reached by train within 2.12 hours.<br \/> To get from Dortmund Airport to campus, you may take the \u201cAirportExpress\u201d bus which takes you directly to Dortmund Central Station within 20 minutes of time. At Central Station go to platform 7 and take the S1 (in direction Solingen Hbf). Get off at \u201cDortmund Universit\u00e4t\u201d station. For more information press<span> <\/span><a href=\"http:\/\/www.dortmund-airport.de\/bus-und-bahn\" target=\"_blank\" rel=\"noopener noreferrer\">here<\/a>.<\/p>\n<p>If you plan to get to campus from D\u00fcsseldorf Airport, you may take the S-Bahn (S1, direction: \u201cDortmund Hauptbahnhof\u201d) which takes you to \u201cDortmund Universit\u00e4t\u201d station directly within 1.10 hours of time. It usually departs from platform 5.<\/p>\n<p><em>By car<\/em><br \/> To get to Fraunhofer IML by car on the A45, take the exit \u201aEichlinghofen\/Universi\u00e4t\u2018. Stay on the road Universit\u00e4tsstrasse, drive eastward and follow the direction sign to \u201aTechnologiepark\/Universit\u00e4t\u2018. After passing an intersection with traffic lights take the first turn left. The street that you are on now is called Hauert. Follow the street until you come to the second road intersection with traffic lights \u2013 turn right. Now you are on Emil-Figge-Strasse. The institute is on the left side of the road.<br \/> You will find parking lots behind the institute. Please follow the sign \u201cEinfahrt 2\u201d in Joseph-von-Fraunhofer-Stra\u00dfe. The main entrance of the institute is signposted.<\/p>\n<p><a href=\"http:\/\/www.gsoflog.lfo.tu-dortmund.de\/wp-content\/uploads\/2017\/05\/Fraunhofer_IML_parking.pdf\">Fraunhofer_IML_parking<\/a><\/p>\n<p>[\/et_pb_text][\/et_pb_column][\/et_pb_row][\/et_pb_section][et_pb_section fb_built=&#8221;1&#8243; admin_label=&#8221;Sponsoring&#8221; module_id=&#8221;tab4&#8243; module_class=&#8221;tab-content&#8221; _builder_version=&#8221;4.0.6&#8243; background_color=&#8221;#e6e6e6&#8243;][et_pb_row column_structure=&#8221;1_4,3_4&#8243; _builder_version=&#8221;4.0.6&#8243; custom_margin=&#8221;0px||||false|false&#8221; custom_padding=&#8221;20px||||false|false&#8221; locked=&#8221;off&#8221;][et_pb_column type=&#8221;1_4&#8243; _builder_version=&#8221;4.0.6&#8243;][\/et_pb_column][et_pb_column type=&#8221;3_4&#8243; _builder_version=&#8221;4.0.6&#8243;][et_pb_text ul_type=&#8221;square&#8221; ul_item_indent=&#8221;18px&#8221; _builder_version=&#8221;4.0.7&#8243; header_text_color=&#8221;#f39300&#8243; header_3_font=&#8221;|600|||||||&#8221; header_3_text_color=&#8221;#f39300&#8243; header_3_font_size=&#8221;24px&#8221; header_4_font=&#8221;|600|||||||&#8221; header_4_text_color=&#8221;#f39300&#8243; header_4_font_size=&#8221;20px&#8221; header_4_line_height=&#8221;1.4em&#8221; custom_margin=&#8221;0px||||false|false&#8221; custom_padding=&#8221;0px||||false|false&#8221; hover_enabled=&#8221;0&#8243;]<\/p>\n<h3>Zuk\u00fcnftigen Managern und Logistikexperten auffallen<\/h3>\n<p>Die Graduate School of Logistics (GSofLog) bietet seit 2016 eine Summer School f\u00fcr die Stipendiaten der GSofLog und Promovierende der Logistik und ihrer angrenzenden Disziplinen weltweit.<\/p>\n<p>Die Summer School ist ein internationales Angebot mit internationalen, hochkar\u00e4tigen Vortragenden und Workshopleitern aus der wissenschaftlichen Community. Getreu dem Prinzip der GSofLog verschmelzen hier Wissenschaft und unternehmerische Praxis in einem einw\u00f6chigen Angebot. Fachwissen wird vermittelt und direkt in praktischen und anwendungsorientierten Workshops erprobt. Dieses praxisnahe Angebot ist einmalig und bildet das Alleinstellungsmerkmal der Summer School der GSofLog.<\/p>\n<p>Als Unternehmen haben Sie die M\u00f6glichkeit Sponsor der PhD School of Logistics zu werden. Pr\u00e4sentieren Sie sich als potenzieller Arbeitgeber und Kooperationspartner, erweitern Sie Ihr Netzwerk um die Manager und Logistikexperten der Zukunft und profitieren Sie von einer hervorragenden Pr\u00e4senz und Sichtbarkeit Ihres Unternehmens auf unserer Veranstaltung.<\/p>\n<p>Die PhD School of Logistics findet vom 04.-08.09.2017 am Fraunhofer-Institut f\u00fcr Materialfluss und Logistik IML statt. Hier verf\u00fcgt die GSofLog \u00fcber einen repr\u00e4sentativen Vortragsraum und die direkte Anbindung an Labore, Testzentren und Demonstratoren.<\/p>\n<h4>Ihre M\u00f6glichkeiten:<\/h4>\n<p>[\/et_pb_text][et_pb_image src=&#8221;https:\/\/gsoflog.lfo.tu-dortmund.de\/wp-content\/uploads\/Sponsoringpakete-2017.png&#8221; show_in_lightbox=&#8221;on&#8221; force_fullwidth=&#8221;on&#8221; _builder_version=&#8221;4.0.7&#8243; background_enable_color=&#8221;off&#8221; custom_margin=&#8221;30px||||false|false&#8221; hover_enabled=&#8221;0&#8243;][\/et_pb_image][et_pb_text ul_type=&#8221;square&#8221; ul_item_indent=&#8221;18px&#8221; _builder_version=&#8221;4.0.7&#8243; link_text_color=&#8221;#ffffff&#8221; header_text_color=&#8221;#f39300&#8243; header_3_font=&#8221;|600|||||||&#8221; header_3_text_color=&#8221;#f39300&#8243; header_3_font_size=&#8221;24px&#8221; header_4_font=&#8221;|600|||||||&#8221; header_4_text_color=&#8221;#f39300&#8243; header_4_font_size=&#8221;20px&#8221; header_4_line_height=&#8221;1.4em&#8221; background_color=&#8221;#6da400&#8243; background_layout=&#8221;dark&#8221; custom_margin=&#8221;39px|||||&#8221; custom_padding=&#8221;24px|24px|24px|24px|false|false&#8221; hover_enabled=&#8221;0&#8243;]<\/p>\n<p><strong>Sie m\u00f6chten Sponsor der diesj\u00e4hrigen PhD School of Logistics werden? Wir freuen uns auf Sie.<\/strong><span> F\u00fcr Fragen und Anmeldungen steht Ihnen Simone Thewes, Administratorin der Graduate School of Logistics, gerne zur Verf\u00fcgung.<\/span><\/p>\n<p>&nbsp;<\/p>\n<p>Gesch\u00e4ftsstelle der GSofLog der TU Dortmund<br \/>Simone Thewes | Leonhard-Euler-Stra\u00dfe 5 | 44227 Dortmund<br \/>Telefon +49 (231) 755 \u2013 5771 | EMail: <a href=\"mailto:info@gsoflog.de\">info@gsoflog.de<\/a><\/p>\n<p>[\/et_pb_text][\/et_pb_column][\/et_pb_row][\/et_pb_section]<\/p>\n","protected":false},"excerpt":{"rendered":"<p>PhD School of Logistics 2017 PhD School of Logistics 2017 Fraunhofer IML | Dortmund | Germany Das Programm im \u00dcberblick: Die Live Case Study verbindet eine Exkursion zu einem Unternehmen, mit Experteninterviews vor Ort und der M\u00f6glichkeit eine konkrete Problemstellung aus der Praxis in interdisziplin\u00e4ren Teams zu bearbeiten. Industrie 4.0 steht f\u00fcr Vernetzung, neue Technologien [&hellip;]<\/p>\n","protected":false},"author":1,"featured_media":0,"parent":2678,"menu_order":0,"comment_status":"closed","ping_status":"closed","template":"","meta":{"_et_pb_use_builder":"on","_et_pb_old_content":"","_et_gb_content_width":"","footnotes":"","_links_to":"","_links_to_target":""},"class_list":["post-2682","page","type-page","status-publish","hentry"],"_links":{"self":[{"href":"https:\/\/gsoflog.lfo.tu-dortmund.de\/en\/wp-json\/wp\/v2\/pages\/2682","targetHints":{"allow":["GET"]}}],"collection":[{"href":"https:\/\/gsoflog.lfo.tu-dortmund.de\/en\/wp-json\/wp\/v2\/pages"}],"about":[{"href":"https:\/\/gsoflog.lfo.tu-dortmund.de\/en\/wp-json\/wp\/v2\/types\/page"}],"author":[{"embeddable":true,"href":"https:\/\/gsoflog.lfo.tu-dortmund.de\/en\/wp-json\/wp\/v2\/users\/1"}],"replies":[{"embeddable":true,"href":"https:\/\/gsoflog.lfo.tu-dortmund.de\/en\/wp-json\/wp\/v2\/comments?post=2682"}],"version-history":[{"count":2,"href":"https:\/\/gsoflog.lfo.tu-dortmund.de\/en\/wp-json\/wp\/v2\/pages\/2682\/revisions"}],"predecessor-version":[{"id":2701,"href":"https:\/\/gsoflog.lfo.tu-dortmund.de\/en\/wp-json\/wp\/v2\/pages\/2682\/revisions\/2701"}],"up":[{"embeddable":true,"href":"https:\/\/gsoflog.lfo.tu-dortmund.de\/en\/wp-json\/wp\/v2\/pages\/2678"}],"wp:attachment":[{"href":"https:\/\/gsoflog.lfo.tu-dortmund.de\/en\/wp-json\/wp\/v2\/media?parent=2682"}],"curies":[{"name":"wp","href":"https:\/\/api.w.org\/{rel}","templated":true}]}}