{"id":2692,"date":"2019-11-26T11:58:41","date_gmt":"2019-11-26T10:58:41","guid":{"rendered":"https:\/\/gsoflog.lfo.tu-dortmund.de\/summer-school\/phd-school-2018\/"},"modified":"2021-12-02T20:54:05","modified_gmt":"2021-12-02T19:54:05","slug":"phd-school-2018","status":"publish","type":"page","link":"https:\/\/gsoflog.lfo.tu-dortmund.de\/en\/phd-school\/phd-school-2018\/","title":{"rendered":"PhD School 2018"},"content":{"rendered":"<p>[et_pb_section fb_built=&#8221;1&#8243; _builder_version=&#8221;4.14.2&#8243; background_color=&#8221;gcid-a09f9a3c-e27b-4248-9fc0-fa9acad6b63d&#8221; custom_padding=&#8221;0px||0px||false|false&#8221; border_color_top=&#8221;#ffffff&#8221; border_color_bottom=&#8221;#ffffff&#8221; global_module=&#8221;541&#8243; saved_tabs=&#8221;all&#8221; global_colors_info=&#8221;{%22gcid-a09f9a3c-e27b-4248-9fc0-fa9acad6b63d%22:%91%22background_color%22%93}&#8221;][et_pb_row _builder_version=&#8221;4.0.6&#8243; custom_padding=&#8221;6px||4px||false|false&#8221; global_colors_info=&#8221;{}&#8221;][et_pb_column type=&#8221;4_4&#8243; _builder_version=&#8221;4.0.6&#8243; global_colors_info=&#8221;{}&#8221;][et_pb_dmb_breadcrumbs home_icon=&#8221;\ue009||divi||400&#8243; use_home_text=&#8221;on&#8221; _builder_version=&#8221;4.14.2&#8243; link_text_color=&#8221;gcid-00498327-5715-4cad-9282-6b3cad1f1f80&#8243; global_colors_info=&#8221;{%22gcid-00498327-5715-4cad-9282-6b3cad1f1f80%22:%91%22link_text_color%22%93}&#8221;][\/et_pb_dmb_breadcrumbs][\/et_pb_column][\/et_pb_row][\/et_pb_section][et_pb_section fb_built=&#8221;1&#8243; _builder_version=&#8221;4.0.6&#8243; global_colors_info=&#8221;{}&#8221;][et_pb_row column_structure=&#8221;1_4,3_4&#8243; _builder_version=&#8221;4.0.6&#8243; custom_padding=&#8221;0px|||||&#8221; global_colors_info=&#8221;{}&#8221;][et_pb_column type=&#8221;1_4&#8243; _builder_version=&#8221;4.0.6&#8243; global_colors_info=&#8221;{}&#8221;][\/et_pb_column][et_pb_column type=&#8221;3_4&#8243; _builder_version=&#8221;4.0.6&#8243; global_colors_info=&#8221;{}&#8221;][et_pb_text _builder_version=&#8221;4.14.2&#8243; header_font=&#8221;|600|||||||&#8221; header_text_color=&#8221;gcid-63c50001-5740-4a1a-a601-3c895c8a9b5b&#8221; header_3_font=&#8221;|600|||||||&#8221; header_3_text_color=&#8221;gcid-63c50001-5740-4a1a-a601-3c895c8a9b5b&#8221; header_3_line_height=&#8221;1.4em&#8221; header_4_font=&#8221;|600||on|||||&#8221; header_4_text_color=&#8221;gcid-63c50001-5740-4a1a-a601-3c895c8a9b5b&#8221; hover_enabled=&#8221;0&#8243; global_colors_info=&#8221;{%22gcid-63c50001-5740-4a1a-a601-3c895c8a9b5b%22:%91%22header_text_color%22,%22header_3_text_color%22,%22header_4_text_color%22%93}&#8221; sticky_enabled=&#8221;0&#8243;]<\/p>\n<h1>PhD School of Logistics 2018<\/h1>\n<h4>Current Methods and Future Trends in Logistics Research<\/h4>\n<p>PhD School of Logistics 2018<br \/>Fraunhofer IML | Dortmund | Germany<\/p>\n<p>[\/et_pb_text][\/et_pb_column][\/et_pb_row][et_pb_row column_structure=&#8221;1_4,3_4&#8243; _builder_version=&#8221;4.0.6&#8243; custom_padding=&#8221;||0px|||&#8221; global_colors_info=&#8221;{}&#8221;][et_pb_column type=&#8221;1_4&#8243; _builder_version=&#8221;4.0.6&#8243; global_colors_info=&#8221;{}&#8221;][\/et_pb_column][et_pb_column type=&#8221;3_4&#8243; _builder_version=&#8221;4.0.6&#8243; global_colors_info=&#8221;{}&#8221;][et_pb_text _builder_version=&#8221;4.0.6&#8243; header_3_font=&#8221;|600|||||||&#8221; header_3_text_color=&#8221;gcid-63c50001-5740-4a1a-a601-3c895c8a9b5b&#8221; header_3_font_size=&#8221;20px&#8221; header_4_font=&#8221;|600|||||||&#8221; header_4_text_color=&#8221;gcid-63c50001-5740-4a1a-a601-3c895c8a9b5b&#8221; header_4_font_size=&#8221;20px&#8221; header_4_line_height=&#8221;1.4em&#8221; global_colors_info=&#8221;{%22gcid-63c50001-5740-4a1a-a601-3c895c8a9b5b%22:%91%22header_3_text_color%22,%22header_4_text_color%22%93}&#8221;]<\/p>\n<h3>One Week \u2013 One Topic \u2013 Endless Opportunities<\/h3>\n<p>Die PhD School of Logistics ist eine Summer School f\u00fcr Promovierende der Logistik und der angrenzenden Disziplinen. Sie bietet eine Woche mit geballtem Wissen aus der Logistikforschung. Methoden und Theorien werden von hochkar\u00e4tigen, internationalen G\u00e4sten vorgestellt und anschlie\u00dfend in praktischen Workshops umgesetzt.<\/p>\n<p>Im Fokus steht die Frage, wie Ihr die neuen Inhalte in Eure Dissertation einbauen k\u00f6nnt. Dabei unterst\u00fctzt das umfassende Netzwerk des Leistungszentrum f\u00fcr Logistik und IT und der Graduate School of Logistics. Unsere Experten aus Forschung und Industrie sind jederzeit ansprechbar.<\/p>\n<p>Die Graduate School of Logistics steht f\u00fcr den Transfer aus Wissenschaft in Praxis. Deshalb wird das Erlernte auch gleich in der Praxis erprobt \u2013 vor Ort im Unternehmen \u2013 in unserer Live Case Study. Hierbei arbeitet Ihr in interdisziplin\u00e4ren und internationalen Teams.<\/p>\n<p>Neben spannenden Themen, Methodenwissen und einem gro\u00dfen Netzwerk bietet die PhD School of Logistics auch in diesem Jahr wieder ein umfassendes Begleitprogramm mit Conference Dinner und Get-together.<\/p>\n<p>Konferenzsprache ist Englisch.<\/p>\n<p>Du bist Promovierender der Logistik oder der angrenzenden Fachbereiche (Informatik, Maschinenbau, Wirtschaftsingenieurwesen, Betriebswirtschaftslehre)?<\/p>\n<ul>\n<li>Du m\u00f6chtest in einer Woche geballtes Wissen mitnehmen?<\/li>\n<li>Du m\u00f6chtest dein Netzwerk ausbauen?<\/li>\n<li>Du m\u00f6chtest von internationalen Hochkar\u00e4tern lernen?<\/li>\n<\/ul>\n<p><strong>DANN SEI DABEI!<\/strong><\/p>\n<p>[\/et_pb_text][\/et_pb_column][\/et_pb_row][\/et_pb_section][et_pb_section fb_built=&#8221;1&#8243; module_id=&#8221;blurb-tabs&#8221; _builder_version=&#8221;4.0.6&#8243; custom_padding=&#8221;0px||0px|||&#8221; global_colors_info=&#8221;{}&#8221;][et_pb_row column_structure=&#8221;1_4,1_4,1_4,1_4&#8243; use_custom_gutter=&#8221;on&#8221; gutter_width=&#8221;1&#8243; make_equal=&#8221;on&#8221; _builder_version=&#8221;4.0.7&#8243; background_color=&#8221;#ffffff&#8221; custom_padding=&#8221;0px||0px|||&#8221; global_colors_info=&#8221;{}&#8221;][et_pb_column type=&#8221;1_4&#8243; _builder_version=&#8221;4.0.6&#8243; global_colors_info=&#8221;{}&#8221;][et_pb_blurb title=&#8221;Program&#8221; url=&#8221;#tab1&#8243; image=&#8221;https:\/\/gsoflog.lfo.tu-dortmund.de\/wp-content\/uploads\/2019\/11\/phd-2019-what-to-expect-2.jpg&#8221; admin_label=&#8221;What to expect&#8221; module_class=&#8221;tab-title active-tab&#8221; _builder_version=&#8221;4.13.0&#8243; header_font=&#8221;|600|||||||&#8221; header_text_color=&#8221;#ffffff&#8221; background_color=&#8221;gcid-63c50001-5740-4a1a-a601-3c895c8a9b5b&#8221; text_orientation=&#8221;center&#8221; custom_margin=&#8221;0px||0px||false|false&#8221; custom_padding=&#8221;0px||12px||false|false&#8221; custom_css_blurb_image=&#8221;margin-bottom: 16px;&#8221; global_colors_info=&#8221;{%22gcid-63c50001-5740-4a1a-a601-3c895c8a9b5b%22:%91%22background_color%22%93}&#8221;][\/et_pb_blurb][\/et_pb_column][et_pb_column type=&#8221;1_4&#8243; _builder_version=&#8221;4.0.6&#8243; global_colors_info=&#8221;{}&#8221;][et_pb_blurb title=&#8221;Registration&#8221; url=&#8221;#tab2&#8243; image=&#8221;https:\/\/gsoflog.lfo.tu-dortmund.de\/wp-content\/uploads\/2019\/11\/phd-2019-registration.jpg&#8221; admin_label=&#8221;Anmeldung&#8221; module_class=&#8221;tab-title&#8221; _builder_version=&#8221;4.13.0&#8243; header_font=&#8221;|600|||||||&#8221; header_text_color=&#8221;#ffffff&#8221; background_color=&#8221;gcid-63c50001-5740-4a1a-a601-3c895c8a9b5b&#8221; text_orientation=&#8221;center&#8221; custom_margin=&#8221;0px||0px||false|false&#8221; custom_padding=&#8221;0px||12px||false|false&#8221; custom_css_blurb_image=&#8221;margin-bottom: 16px;&#8221; global_colors_info=&#8221;{%22gcid-63c50001-5740-4a1a-a601-3c895c8a9b5b%22:%91%22background_color%22%93}&#8221;][\/et_pb_blurb][\/et_pb_column][et_pb_column type=&#8221;1_4&#8243; _builder_version=&#8221;4.0.6&#8243; global_colors_info=&#8221;{}&#8221;][et_pb_blurb title=&#8221;Anreise + Unterkunft&#8221; url=&#8221;#tab3&#8243; image=&#8221;https:\/\/gsoflog.lfo.tu-dortmund.de\/wp-content\/uploads\/2019\/11\/phd-2019-venue.jpg&#8221; admin_label=&#8221;Anreise &#038; Unterkunft&#8221; module_class=&#8221;tab-title&#8221; _builder_version=&#8221;4.13.0&#8243; header_font=&#8221;|600|||||||&#8221; header_text_color=&#8221;#ffffff&#8221; background_color=&#8221;gcid-63c50001-5740-4a1a-a601-3c895c8a9b5b&#8221; text_orientation=&#8221;center&#8221; custom_margin=&#8221;0px||0px||false|false&#8221; custom_padding=&#8221;0px||12px||false|false&#8221; custom_css_blurb_image=&#8221;margin-bottom: 16px;&#8221; global_colors_info=&#8221;{%22gcid-63c50001-5740-4a1a-a601-3c895c8a9b5b%22:%91%22background_color%22%93}&#8221;][\/et_pb_blurb][\/et_pb_column][et_pb_column type=&#8221;1_4&#8243; _builder_version=&#8221;4.0.6&#8243; global_colors_info=&#8221;{}&#8221;][et_pb_blurb title=&#8221;Sponsoring&#8221; url=&#8221;#tab4&#8243; image=&#8221;https:\/\/gsoflog.lfo.tu-dortmund.de\/wp-content\/uploads\/2019\/11\/phd-2019-sponsoring.jpg&#8221; admin_label=&#8221;Sponsoring&#8221; module_class=&#8221;tab-title&#8221; _builder_version=&#8221;4.13.0&#8243; header_font=&#8221;|600|||||||&#8221; header_text_color=&#8221;#ffffff&#8221; background_color=&#8221;gcid-63c50001-5740-4a1a-a601-3c895c8a9b5b&#8221; text_orientation=&#8221;center&#8221; custom_margin=&#8221;0px||0px||false|false&#8221; custom_padding=&#8221;0px||12px||false|false&#8221; custom_css_blurb_image=&#8221;margin-bottom: 16px;&#8221; global_colors_info=&#8221;{%22gcid-63c50001-5740-4a1a-a601-3c895c8a9b5b%22:%91%22background_color%22%93}&#8221;][\/et_pb_blurb][\/et_pb_column][\/et_pb_row][\/et_pb_section][et_pb_section fb_built=&#8221;1&#8243; admin_label=&#8221;Programm&#8221; module_id=&#8221;tab1&#8243; module_class=&#8221;tab-content tab-open&#8221; _builder_version=&#8221;4.0.6&#8243; background_color=&#8221;#e6e6e6&#8243; global_colors_info=&#8221;{}&#8221;][et_pb_row column_structure=&#8221;1_4,3_4&#8243; _builder_version=&#8221;4.0.6&#8243; custom_margin=&#8221;||||false|false&#8221; custom_padding=&#8221;20px||||false|false&#8221; locked=&#8221;off&#8221; global_colors_info=&#8221;{}&#8221;][et_pb_column type=&#8221;1_4&#8243; _builder_version=&#8221;4.0.6&#8243; global_colors_info=&#8221;{}&#8221;][\/et_pb_column][et_pb_column type=&#8221;3_4&#8243; _builder_version=&#8221;4.0.6&#8243; global_colors_info=&#8221;{}&#8221;][et_pb_text ul_type=&#8221;square&#8221; ul_item_indent=&#8221;18px&#8221; _builder_version=&#8221;4.14.2&#8243; header_text_color=&#8221;gcid-63c50001-5740-4a1a-a601-3c895c8a9b5b&#8221; header_3_font=&#8221;|600|||||||&#8221; header_3_text_color=&#8221;gcid-63c50001-5740-4a1a-a601-3c895c8a9b5b&#8221; header_3_font_size=&#8221;24px&#8221; header_4_font=&#8221;|600|||||||&#8221; header_4_text_color=&#8221;gcid-63c50001-5740-4a1a-a601-3c895c8a9b5b&#8221; header_4_font_size=&#8221;20px&#8221; header_4_line_height=&#8221;1.4em&#8221; custom_margin=&#8221;0px||||false|false&#8221; hover_enabled=&#8221;0&#8243; global_colors_info=&#8221;{%22gcid-63c50001-5740-4a1a-a601-3c895c8a9b5b%22:%91%22header_text_color%22,%22header_3_text_color%22,%22header_4_text_color%22%93}&#8221; sticky_enabled=&#8221;0&#8243;]<\/p>\n<h3>This year\u2019s topics:<\/h3>\n<ul>\n<li>Business Models<\/li>\n<li>Artificial Intelligence\/Machine Intelligence<\/li>\n<li>Data Analytics<\/li>\n<li>Future Research<\/li>\n<li>Live Case Study in a company<\/li>\n<li>Hands-on Workshops<\/li>\n<li>Working in interdisciplinary teams<\/li>\n<\/ul>\n<p>[\/et_pb_text][et_pb_image src=&#8221;https:\/\/gsoflog.lfo.tu-dortmund.de\/wp-content\/uploads\/2019\/11\/Programm_19.04.2018.jpg&#8221; show_in_lightbox=&#8221;on&#8221; _builder_version=&#8221;4.0.6&#8243; background_enable_color=&#8221;off&#8221; locked=&#8221;off&#8221; global_colors_info=&#8221;{}&#8221;][\/et_pb_image][et_pb_text ul_type=&#8221;square&#8221; ul_item_indent=&#8221;18px&#8221; _builder_version=&#8221;4.14.2&#8243; link_text_color=&#8221;gcid-85e14197-affb-497b-92be-ebc8bb717228&#8243; header_text_color=&#8221;gcid-63c50001-5740-4a1a-a601-3c895c8a9b5b&#8221; header_3_font=&#8221;|600|||||||&#8221; header_3_text_color=&#8221;gcid-63c50001-5740-4a1a-a601-3c895c8a9b5b&#8221; header_3_font_size=&#8221;24px&#8221; header_4_font=&#8221;|600|||||||&#8221; header_4_text_color=&#8221;gcid-63c50001-5740-4a1a-a601-3c895c8a9b5b&#8221; header_4_font_size=&#8221;20px&#8221; header_4_line_height=&#8221;1.4em&#8221; custom_margin=&#8221;38px||||false|false&#8221; hover_enabled=&#8221;0&#8243; global_colors_info=&#8221;{%22gcid-63c50001-5740-4a1a-a601-3c895c8a9b5b%22:%91%22header_text_color%22,%22header_3_text_color%22,%22header_4_text_color%22%93,%22gcid-85e14197-affb-497b-92be-ebc8bb717228%22:%91%22link_text_color%22%93}&#8221; sticky_enabled=&#8221;0&#8243;]<\/p>\n<h3>Live Case Study:<\/h3>\n<p>DB Schenker sponsors the Live Case Study.<\/p>\n<p><img loading=\"lazy\" decoding=\"async\" src=\"https:\/\/gsoflog.lfo.tu-dortmund.de\/wp-content\/uploads\/2019\/11\/DBSchenker-300x129.jpg\" width=\"300\" height=\"129\" alt=\"\" style=\"border: 1px solid #cecece;\" class=\"wp-image-1397 alignnone size-medium\"><\/p>\n<p><strong>Host:<\/strong><br \/>\nProf. Dr. Michael Henke<\/p>\n<p>Technical University Dortmund, Chair of Enterprise Logistics<br \/>\nGraduate School of Logistics<br \/>\nFraunhofer Institute for Material Flow and Logistics, Institute Director<\/p>\n<p><strong>Guests and Speaker:<\/strong><br \/>\nProf. Dr. Michael Henke<br \/>\nTechnical University Dortmund, Chair of Enterprise Logistics<br \/>\nGraduate School of Logistics<br \/>\nFraunhofer Institute for Material Flow and Logistics<br \/>\n<a href=\"https:\/\/www.iml.fraunhofer.de\/en\/institue_profile\/institutsleitung\/prof_dr_michael_henke.html\">https:\/\/www.iml.fraunhofer.de\/en\/institue_profile\/institutsleitung\/prof_dr_michael_henke.html<\/a><\/p>\n<p>Prof. Dr. Dr. h. c. Michael ten Hompel<br \/>\nTechnical University of Dortmund, Chair of Materials Handling and Warehousing<br \/>\nFraunhofer Institute for Material Flow and Logistics, Managing Director<br \/>\n<a href=\"https:\/\/www.iml.fraunhofer.de\/en\/institue_profile\/institutsleitung\/prof_dr_michael_ten_hompel.html\">https:\/\/www.iml.fraunhofer.de\/en\/institue_profile\/institutsleitung\/prof_dr_michael_ten_hompel.html<\/a><\/p>\n<p>Prof. Dr. Boris Otto<br \/>\nTechnical University Dortmund, Chair of Supply Net Order Management<br \/>\nFraunhofer Institute for Software and Systems Engineering<br \/>\n<a href=\"http:\/\/www.snom.mb.tu-dortmund.de\/cms\/de\/Team\/Lehrstuhlinhaber\/index.html\">http:\/\/www.snom.mb.tu-dortmund.de\/cms\/de\/Team\/Lehrstuhlinhaber\/index.html<\/a><\/p>\n<p>Prof. Dr. Alexander Pflaum<br \/>\nOtto-Friedrich University Bamberg, Chair of Supply Chain Management<br \/>\n<a href=\"https:\/\/www.uni-bamberg.de\/bwl-scm\/lehrstuhlteam\/prof-dr-alexander-pflaum\">https:\/\/www.uni-bamberg.de\/bwl-scm\/lehrstuhlteam\/prof-dr-alexander-pflaum<\/a><\/p>\n<p>Prof. Dr. Markus Rabe<br \/>\nTechnical University of Dortmund, Department IT in Production und Logistics<br \/>\n<a href=\"https:\/\/www.itpl.mb.tu-dortmund.de\/cms\/en\/Department\/index.html\">https:\/\/www.itpl.mb.tu-dortmund.de\/cms\/en\/Department\/index.html<\/a><\/p>\n<p>Prof. Dr. G\u00fcnter Rudolph<br \/>\nTU Dortmund University, Computational Intelligence Research Group, Chair of Algorithm Engineering<br \/>\n<a href=\"https:\/\/ls11-www.cs.tu-dortmund.de\/people\/rudolph\/index.jsp?userLanguage=en\">https:\/\/ls11-www.cs.tu-dortmund.de\/people\/rudolph\/index.jsp?userLanguage=en<\/a>[\/et_pb_text][\/et_pb_column][\/et_pb_row][\/et_pb_section][et_pb_section fb_built=&#8221;1&#8243; admin_label=&#8221;Anmeldung&#8221; module_id=&#8221;tab2&#8243; module_class=&#8221;tab-content&#8221; _builder_version=&#8221;4.0.6&#8243; background_color=&#8221;#e6e6e6&#8243; global_colors_info=&#8221;{}&#8221;][et_pb_row column_structure=&#8221;1_4,3_4&#8243; _builder_version=&#8221;4.0.6&#8243; custom_margin=&#8221;0px||||false|false&#8221; custom_padding=&#8221;20px||||false|false&#8221; locked=&#8221;off&#8221; global_colors_info=&#8221;{}&#8221;][et_pb_column type=&#8221;1_4&#8243; _builder_version=&#8221;4.0.6&#8243; global_colors_info=&#8221;{}&#8221;][\/et_pb_column][et_pb_column type=&#8221;3_4&#8243; _builder_version=&#8221;4.0.6&#8243; global_colors_info=&#8221;{}&#8221;][et_pb_text ul_type=&#8221;square&#8221; ul_item_indent=&#8221;18px&#8221; _builder_version=&#8221;4.0.6&#8243; header_text_color=&#8221;gcid-63c50001-5740-4a1a-a601-3c895c8a9b5b&#8221; header_3_font=&#8221;|600|||||||&#8221; header_3_text_color=&#8221;gcid-63c50001-5740-4a1a-a601-3c895c8a9b5b&#8221; header_3_font_size=&#8221;24px&#8221; header_4_font=&#8221;|600|||||||&#8221; header_4_text_color=&#8221;gcid-63c50001-5740-4a1a-a601-3c895c8a9b5b&#8221; header_4_font_size=&#8221;20px&#8221; header_4_line_height=&#8221;1.4em&#8221; custom_margin=&#8221;0px||||false|false&#8221; custom_padding=&#8221;0px||||false|false&#8221; global_colors_info=&#8221;{%22gcid-63c50001-5740-4a1a-a601-3c895c8a9b5b%22:%91%22header_text_color%22,%22header_3_text_color%22,%22header_4_text_color%22%93}&#8221;]<\/p>\n<h3>Jetzt anmelden!<\/h3>\n<p>Die Teilnehmerzahl ist auf 30 Personen beschr\u00e4nkt. F\u00fcr die Anmeldung ist die Angaben Deiner Motivation zur Teilnahme erforderlich (2.000 Zeichen). Wir pr\u00fcfen die eingehenden Anmeldungen und informieren zeitnah \u00fcber die Zulassung.<\/p>\n<p><strong>Die Anmeldung ist verbindlich!<\/strong><\/p>\n<p>F\u00fcr die Teilnahme an der diesj\u00e4hrigen Summer School wird ein Unkostenbeitrag von 450 Euro erhoben. Nach der Teilnahme an der Summer School erh\u00e4lt jeder Teilnehmer eine Rechnung.<br \/> Bei weiteren Fragen k\u00f6nnt Ihr uns jederzeit kontaktieren:<br \/> phdschool@gsoflog.de<\/p>\n<p><strong>Anmeldung:<\/strong><br \/> Die Anmeldung ist geschlossen. Last-minute-Interessenten wenden sich bitte an: <a href=\"mailto:info@gsoflog.de\">info@gsoflog.de<\/a><\/p>\n<p>[\/et_pb_text][\/et_pb_column][\/et_pb_row][\/et_pb_section][et_pb_section fb_built=&#8221;1&#8243; admin_label=&#8221;Anreise und Unterkunft&#8221; module_id=&#8221;tab3&#8243; module_class=&#8221;tab-content&#8221; _builder_version=&#8221;4.0.6&#8243; background_color=&#8221;#e6e6e6&#8243; global_colors_info=&#8221;{}&#8221;][et_pb_row column_structure=&#8221;1_4,3_4&#8243; _builder_version=&#8221;4.0.6&#8243; custom_margin=&#8221;0px||||false|false&#8221; custom_padding=&#8221;20px||||false|false&#8221; locked=&#8221;off&#8221; global_colors_info=&#8221;{}&#8221;][et_pb_column type=&#8221;1_4&#8243; _builder_version=&#8221;4.0.6&#8243; global_colors_info=&#8221;{}&#8221;][\/et_pb_column][et_pb_column type=&#8221;3_4&#8243; _builder_version=&#8221;4.0.6&#8243; global_colors_info=&#8221;{}&#8221;][et_pb_text ul_type=&#8221;square&#8221; ul_item_indent=&#8221;18px&#8221; _builder_version=&#8221;4.0.6&#8243; header_text_color=&#8221;gcid-63c50001-5740-4a1a-a601-3c895c8a9b5b&#8221; header_3_font=&#8221;|600|||||||&#8221; header_3_text_color=&#8221;gcid-63c50001-5740-4a1a-a601-3c895c8a9b5b&#8221; header_3_font_size=&#8221;24px&#8221; header_4_font=&#8221;|600|||||||&#8221; header_4_text_color=&#8221;gcid-63c50001-5740-4a1a-a601-3c895c8a9b5b&#8221; header_4_font_size=&#8221;20px&#8221; header_4_line_height=&#8221;1.4em&#8221; custom_margin=&#8221;0px||||false|false&#8221; custom_padding=&#8221;0px||||false|false&#8221; global_colors_info=&#8221;{%22gcid-63c50001-5740-4a1a-a601-3c895c8a9b5b%22:%91%22header_text_color%22,%22header_3_text_color%22,%22header_4_text_color%22%93}&#8221;]<\/p>\n<h3>Anreise<\/h3>\n<h4>Dortmund und Umgebung<\/h4>\n<p>Dortmund bietet gute Anbindungen an den \u00f6ffentlichen Verkehr. Von Dortmund HBF erreicht Ihr das Fraunhofer IML \u00fcber Gleis 7 mit der S1 Richtung Solingen HBF. An der Haltestelle \u201eDortmund Universit\u00e4t\u201c ist eine H-Bahn verf\u00fcgbar (Richtung Technologiezentrum), die direkt vor dem Institut h\u00e4lt.<br \/>Wer mit dem Auto anreist, kann \u00fcber die Joseph-von-Fraunhofer-Stra\u00dfe \u201eEinfahrt 2\u201c w\u00e4hlen, an der Schranke l\u00e4uten und auf den sogenannten Schotterparkpl\u00e4tzen sein Auto abstellen. Von hier aus ist der Weg zum Haupteingang ausgeschildert.<\/p>\n<p><a href=\"http:\/\/www.gsoflog.lfo.tu-dortmund.de\/wp-content\/uploads\/2017\/05\/Fraunhofer_IML_parking.pdf\">Fraunhofer_IML_parking<\/a><\/p>\n<h4>Hotels<\/h4>\n<p><strong>TRYP Hotel Dortmund<\/strong><br \/>Emil-Figge Strasse 41<br \/>44227 Dortmund<br \/>Vom TRYP Hotel aus erreichst du den Veranstaltungsort in 15 Minuten zu Fu\u00df.<\/p>\n<p><strong>Steigenberger Dortmund<\/strong><br \/>Berswordtstra\u00dfe 2<br \/>44139 Dortmund<br \/>Das Steigenberger Dortmund liegt in der N\u00e4he vom Kreuzviertel. Hier gibt es viele Restaurants und Kneipen, die sowohl am Wochenende, als auch in der Woche belebt sind.<\/p>\n<p>[\/et_pb_text][\/et_pb_column][\/et_pb_row][\/et_pb_section][et_pb_section fb_built=&#8221;1&#8243; admin_label=&#8221;Sponsoring&#8221; module_id=&#8221;tab4&#8243; module_class=&#8221;tab-content&#8221; _builder_version=&#8221;4.0.6&#8243; background_color=&#8221;#e6e6e6&#8243; global_colors_info=&#8221;{}&#8221;][et_pb_row column_structure=&#8221;1_4,3_4&#8243; _builder_version=&#8221;4.0.6&#8243; custom_margin=&#8221;0px||||false|false&#8221; custom_padding=&#8221;20px||||false|false&#8221; locked=&#8221;off&#8221; global_colors_info=&#8221;{}&#8221;][et_pb_column type=&#8221;1_4&#8243; _builder_version=&#8221;4.0.6&#8243; global_colors_info=&#8221;{}&#8221;][\/et_pb_column][et_pb_column type=&#8221;3_4&#8243; _builder_version=&#8221;4.0.6&#8243; global_colors_info=&#8221;{}&#8221;][et_pb_text ul_type=&#8221;square&#8221; ul_item_indent=&#8221;18px&#8221; _builder_version=&#8221;4.0.6&#8243; header_text_color=&#8221;gcid-63c50001-5740-4a1a-a601-3c895c8a9b5b&#8221; header_3_font=&#8221;|600|||||||&#8221; header_3_text_color=&#8221;gcid-63c50001-5740-4a1a-a601-3c895c8a9b5b&#8221; header_3_font_size=&#8221;24px&#8221; header_4_font=&#8221;|600|||||||&#8221; header_4_text_color=&#8221;gcid-63c50001-5740-4a1a-a601-3c895c8a9b5b&#8221; header_4_font_size=&#8221;20px&#8221; header_4_line_height=&#8221;1.4em&#8221; custom_margin=&#8221;0px||||false|false&#8221; custom_padding=&#8221;0px||||false|false&#8221; global_colors_info=&#8221;{%22gcid-63c50001-5740-4a1a-a601-3c895c8a9b5b%22:%91%22header_text_color%22,%22header_3_text_color%22,%22header_4_text_color%22%93}&#8221;]<\/p>\n<h3>Zuk\u00fcnftige Manager und Logistikexperten treffen<\/h3>\n<p>Die Graduate School of Logistics (GSofLog) bietet seit 2016 eine Summer School f\u00fcr die Stipendiaten der GSofLog und Promovierende der Logistik und ihrer angrenzenden Disziplinen weltweit.<\/p>\n<p>Die Summer School ist ein internationales Angebot mit internationalen, hochkar\u00e4tigen Vortragenden und Workshopleitern aus der wissenschaftlichen Community. Getreu dem Prinzip der GSofLog verschmelzen hier Wissenschaft und unternehmerische Praxis in einem einw\u00f6chigen Angebot. Fachwissen wird vermittelt und direkt in praktischen und anwendungsorientierten Workshops erprobt. Dieses praxisnahe Angebot ist einmalig und bildet das Alleinstellungsmerkmal der Summer School der GSofLog.<\/p>\n<p>Als Unternehmen haben Sie die M\u00f6glichkeit Sponsor der PhD School of Logistics zu werden. Pr\u00e4sentieren Sie sich als potenzieller Arbeitgeber und Kooperationspartner, erweitern Sie Ihr Netzwerk um die Manager und Logistikexperten der Zukunft und profitieren Sie von einer hervorragenden Pr\u00e4senz und Sichtbarkeit Ihres Unternehmens auf unserer Veranstaltung.<\/p>\n<p>Die PhD School of Logistics findet vom 09.-13.07.2018 am Fraunhofer-Institut f\u00fcr Materialfluss und Logistik IML statt. Hier verf\u00fcgt die GSofLog \u00fcber einen repr\u00e4sentativen Vortragsraum und die direkte Anbindung an Labore, Testzentren und Demonstratoren.<\/p>\n<p><strong>Zum Flyer mit allen Informationen:<\/strong> <a href=\"\/wp-content\/uploads\/2019\/11\/Flyer_PhDSchoolofLogistics2018_Sponsoring.pdf\">Flyer_PhDSchoolofLogistics2018_Sponsoring<\/a><\/p>\n<p>[\/et_pb_text][et_pb_image src=&#8221;https:\/\/gsoflog.lfo.tu-dortmund.de\/wp-content\/uploads\/Sponsoring_2018.jpg&#8221; show_in_lightbox=&#8221;on&#8221; force_fullwidth=&#8221;on&#8221; _builder_version=&#8221;4.0.6&#8243; background_enable_color=&#8221;off&#8221; custom_margin=&#8221;30px||||false|false&#8221; global_colors_info=&#8221;{}&#8221;][\/et_pb_image][et_pb_text ul_type=&#8221;square&#8221; ul_item_indent=&#8221;18px&#8221; _builder_version=&#8221;4.0.6&#8243; link_text_color=&#8221;#ffffff&#8221; header_text_color=&#8221;gcid-63c50001-5740-4a1a-a601-3c895c8a9b5b&#8221; header_3_font=&#8221;|600|||||||&#8221; header_3_text_color=&#8221;gcid-63c50001-5740-4a1a-a601-3c895c8a9b5b&#8221; header_3_font_size=&#8221;24px&#8221; header_4_font=&#8221;|600|||||||&#8221; header_4_text_color=&#8221;gcid-63c50001-5740-4a1a-a601-3c895c8a9b5b&#8221; header_4_font_size=&#8221;20px&#8221; header_4_line_height=&#8221;1.4em&#8221; background_color=&#8221;#6da400&#8243; background_layout=&#8221;dark&#8221; custom_margin=&#8221;39px|||||&#8221; custom_padding=&#8221;24px|24px|24px|24px|false|false&#8221; global_colors_info=&#8221;{%22gcid-63c50001-5740-4a1a-a601-3c895c8a9b5b%22:%91%22header_text_color%22,%22header_3_text_color%22,%22header_4_text_color%22%93}&#8221;]<\/p>\n<p>Sie m\u00f6chten Sponsor der diesj\u00e4hrigen PhD School of Logistics werden? Wir freuen uns auf Sie. F\u00fcr Fragen und Anmeldungen steht Ihnen Simone Thewes, Administratorin der Graduate School of Logistics, gerne zur Verf\u00fcgung.<\/p>\n<p>Gesch\u00e4ftsstelle der GSofLog der TU Dortmund<br \/> Simone Thewes | Leonhard-Euler-Stra\u00dfe 5 | 44227 Dortmund<br \/> Telefon +49 (231) 755 \u2013 5771 | EMail:<a href=\"mailto:info@gsoflog.de\">info@gsoflog.de<\/a><\/p>\n<p>[\/et_pb_text][\/et_pb_column][\/et_pb_row][\/et_pb_section]<\/p>\n","protected":false},"excerpt":{"rendered":"<p>PhD School of Logistics 2018 Current Methods and Future Trends in Logistics Research PhD School of Logistics 2018Fraunhofer IML | Dortmund | GermanyOne Week \u2013 One Topic \u2013 Endless Opportunities Die PhD School of Logistics ist eine Summer School f\u00fcr Promovierende der Logistik und der angrenzenden Disziplinen. Sie bietet eine Woche mit geballtem Wissen aus [&hellip;]<\/p>\n","protected":false},"author":1,"featured_media":0,"parent":2678,"menu_order":0,"comment_status":"closed","ping_status":"closed","template":"","meta":{"_et_pb_use_builder":"on","_et_pb_old_content":"","_et_gb_content_width":"","footnotes":"","_links_to":"","_links_to_target":""},"class_list":["post-2692","page","type-page","status-publish","hentry"],"_links":{"self":[{"href":"https:\/\/gsoflog.lfo.tu-dortmund.de\/en\/wp-json\/wp\/v2\/pages\/2692","targetHints":{"allow":["GET"]}}],"collection":[{"href":"https:\/\/gsoflog.lfo.tu-dortmund.de\/en\/wp-json\/wp\/v2\/pages"}],"about":[{"href":"https:\/\/gsoflog.lfo.tu-dortmund.de\/en\/wp-json\/wp\/v2\/types\/page"}],"author":[{"embeddable":true,"href":"https:\/\/gsoflog.lfo.tu-dortmund.de\/en\/wp-json\/wp\/v2\/users\/1"}],"replies":[{"embeddable":true,"href":"https:\/\/gsoflog.lfo.tu-dortmund.de\/en\/wp-json\/wp\/v2\/comments?post=2692"}],"version-history":[{"count":9,"href":"https:\/\/gsoflog.lfo.tu-dortmund.de\/en\/wp-json\/wp\/v2\/pages\/2692\/revisions"}],"predecessor-version":[{"id":6192,"href":"https:\/\/gsoflog.lfo.tu-dortmund.de\/en\/wp-json\/wp\/v2\/pages\/2692\/revisions\/6192"}],"up":[{"embeddable":true,"href":"https:\/\/gsoflog.lfo.tu-dortmund.de\/en\/wp-json\/wp\/v2\/pages\/2678"}],"wp:attachment":[{"href":"https:\/\/gsoflog.lfo.tu-dortmund.de\/en\/wp-json\/wp\/v2\/media?parent=2692"}],"curies":[{"name":"wp","href":"https:\/\/api.w.org\/{rel}","templated":true}]}}