{"id":2718,"date":"2019-11-25T14:28:33","date_gmt":"2019-11-25T13:28:33","guid":{"rendered":"https:\/\/gsoflog.lfo.tu-dortmund.de\/for-future-scholars\/application\/"},"modified":"2021-12-02T20:53:31","modified_gmt":"2021-12-02T19:53:31","slug":"application","status":"publish","type":"page","link":"https:\/\/gsoflog.lfo.tu-dortmund.de\/en\/future-scholars\/application\/","title":{"rendered":"Application"},"content":{"rendered":"<p>[et_pb_section fb_built=&#8221;1&#8243; _builder_version=&#8221;4.0.6&#8243; background_color=&#8221;#00395b&#8221; custom_padding=&#8221;0px||0px||false|false&#8221; border_color_top=&#8221;#ffffff&#8221; border_color_bottom=&#8221;#ffffff&#8221; saved_tabs=&#8221;all&#8221; global_colors_info=&#8221;{}&#8221;][et_pb_row _builder_version=&#8221;4.0.6&#8243; custom_padding=&#8221;6px||4px||false|false&#8221; global_colors_info=&#8221;{}&#8221;][et_pb_column type=&#8221;4_4&#8243; _builder_version=&#8221;4.0.6&#8243; global_colors_info=&#8221;{}&#8221;][et_pb_dmb_breadcrumbs use_home_text=&#8221;on&#8221; _builder_version=&#8221;4.0.6&#8243; body_text_color=&#8221;#ffffff&#8221; link_text_color=&#8221;#ffffff&#8221; global_colors_info=&#8221;{}&#8221;][\/et_pb_dmb_breadcrumbs][\/et_pb_column][\/et_pb_row][\/et_pb_section][et_pb_section fb_built=&#8221;1&#8243; custom_padding_last_edited=&#8221;on|tablet&#8221; _builder_version=&#8221;4.0.6&#8243; module_alignment=&#8221;center&#8221; custom_padding=&#8221;20px|||20%|false|false&#8221; custom_padding_tablet=&#8221;|||0%|false|false&#8221; custom_padding_phone=&#8221;&#8221; global_colors_info=&#8221;{}&#8221;][et_pb_row _builder_version=&#8221;4.0.6&#8243; custom_padding=&#8221;||0px|||&#8221; global_colors_info=&#8221;{}&#8221;][et_pb_column type=&#8221;4_4&#8243; _builder_version=&#8221;4.0.6&#8243; global_colors_info=&#8221;{}&#8221;][et_pb_text _builder_version=&#8221;4.14.2&#8243; text_font_size=&#8221;16px&#8221; text_line_height=&#8221;1.8em&#8221; link_text_color=&#8221;gcid-85e14197-affb-497b-92be-ebc8bb717228&#8243; header_font=&#8221;|600|||||||&#8221; header_font_size=&#8221;36px&#8221; header_line_height=&#8221;1.4em&#8221; header_3_font=&#8221;|600|||||||&#8221; header_3_text_color=&#8221;#6da400&#8243; header_3_line_height=&#8221;1.4em&#8221; global_colors_info=&#8221;{%22gcid-85e14197-affb-497b-92be-ebc8bb717228%22:%91%22link_text_color%22%93}&#8221;]<\/p>\n<h1>An der GSofLog bewerben: So geht\u2019s<\/h1>\n<p>Du m\u00f6chtest promovieren und Mitglied der GSofLog werden? Wir sind regelm\u00e4\u00dfig im Austausch mit unseren Stipendiengebern und Unternehmen mit aktuellen Herausforderungen aus der Praxis. Unten findest Du eine <a href=\"#ausschreibungen\"><strong>\u00dcbersicht unserer aktuellen Ausschreibungen<\/strong><\/a> und alle Informationenzum Bewerbungsprozess. Sollte einmal nicht das richtige Thema dabei sein, bewerbe Dich gerne initiativ.<\/p>\n<p>[\/et_pb_text][\/et_pb_column][\/et_pb_row][et_pb_row make_equal=&#8221;on&#8221; _builder_version=&#8221;4.14.2&#8243; background_color=&#8221;gcid-a039f53d-e9e2-4b31-92bd-3eec3fd0f83b&#8221; background_size=&#8221;initial&#8221; custom_margin=&#8221;24px||24px||false|false&#8221; custom_padding=&#8221;0px||16px||false|false&#8221; border_color_all=&#8221;#00395b&#8221; locked=&#8221;off&#8221; global_colors_info=&#8221;{%22gcid-a039f53d-e9e2-4b31-92bd-3eec3fd0f83b%22:%91%22background_color%22%93}&#8221;][et_pb_column type=&#8221;4_4&#8243; _builder_version=&#8221;4.14.2&#8243; background_enable_image=&#8221;off&#8221; background_size=&#8221;initial&#8221; background_position=&#8221;top_right&#8221; custom_padding=&#8221;25px|24px|9px|24px|false|true&#8221; border_width_all=&#8221;-1px&#8221; border_color_all=&#8221;#6da400&#8243; global_colors_info=&#8221;{}&#8221;][et_pb_text ul_type=&#8221;square&#8221; ul_item_indent=&#8221;18px&#8221; _builder_version=&#8221;4.0.7&#8243; text_font=&#8221;||||||||&#8221; link_text_color=&#8221;#ffffff&#8221; header_2_font=&#8221;|600|||||||&#8221; header_2_text_color=&#8221;#ffffff&#8221; header_2_font_size=&#8221;24px&#8221; background_layout=&#8221;dark&#8221; global_colors_info=&#8221;{}&#8221;]<\/p>\n<h2>The application process<\/h2>\n<p>The Graduate School of Logistics qualifies the managers and logistics experts of the future. We support outstanding, ambitious and highly motivated graduates in fields of logistics as well as in related disciplines (e.g. mechanical engineering, computer science, industrial engineering and economics).<\/p>\n<p><strong>Did we arouse your interest?<br \/> <\/strong>Please send you application including the following documents to:<\/p>\n<p><a href=\"mailto:bewerbung@gsoflog.de\"><strong>bewerbung@gsoflog.de<\/strong><\/a><\/p>\n<ul>\n<li>Letter of application and motivation<\/li>\n<li>Curriculum vitae (including photo)<\/li>\n<li>Official transcript of record, certificates and proofs of language skills<\/li>\n<li>Two letters of reference (by university professors)<\/li>\n<li>Please submit your documents joined in one PDF-file. (max. 5MB)<\/li>\n<\/ul>\n<p>After submission of your application, you can expect to receive a notification within a few days, after a precise evaluation of your file. If your profile meets the requirements for a specific offer and topic, we will send you an invitation for a personal interview \u2013 followed by another interview with your prospective sponsor. The final step will be the approval of your application by our management board. After all parties have successfully accepted you into our program, the enrolment process and your scholarship can start.<\/p>\n<p>[\/et_pb_text][\/et_pb_column][\/et_pb_row][et_pb_row module_id=&#8221;ausschreibungen&#8221; _builder_version=&#8221;4.0.6&#8243; custom_padding=&#8221;24px||0px||false|false&#8221; global_colors_info=&#8221;{}&#8221;][et_pb_column type=&#8221;4_4&#8243; _builder_version=&#8221;4.0.6&#8243; global_colors_info=&#8221;{}&#8221;][et_pb_blurb title=&#8221;Vacancies&#8221; use_icon=&#8221;on&#8221; font_icon=&#8221;&#xe058;||divi||400&#8243; image_icon_background_color=&#8221;gcid-85e14197-affb-497b-92be-ebc8bb717228&#8243; _builder_version=&#8221;4.14.2&#8243; _module_preset=&#8221;16d9773b-15c0-4923-a360-54d3e8570507&#8243; header_text_color=&#8221;gcid-85e14197-affb-497b-92be-ebc8bb717228&#8243; hover_enabled=&#8221;0&#8243; locked=&#8221;off&#8221; global_colors_info=&#8221;{%22gcid-d6644fc1-7ba8-4843-9231-454ddc27aa93%22:%91%22image_icon_background_color%22%93,%22gcid-85e14197-affb-497b-92be-ebc8bb717228%22:%91%22image_icon_background_color%22,%22header_text_color%22%93}&#8221; custom_css_blurb_title_phone=&#8221;margin-top: -2px;||margin-left: -10px;&#8221; custom_css_blurb_title_tablet=&#8221;margin-top: -12px;&#8221; sticky_enabled=&#8221;0&#8243;][\/et_pb_blurb][\/et_pb_column][\/et_pb_row][et_pb_row make_equal=&#8221;on&#8221; _builder_version=&#8221;4.0.6&#8243; global_colors_info=&#8221;{}&#8221;][et_pb_column type=&#8221;4_4&#8243; module_class=&#8221;ds-blog-four-column&#8221; _builder_version=&#8221;4.0.6&#8243; border_color_all=&#8221;#dddddd&#8221; global_colors_info=&#8221;{}&#8221;][et_pb_blog posts_number=&#8221;3&#8243; include_categories=&#8221;12&#8243; meta_date=&#8221;j. F Y&#8221; show_thumbnail=&#8221;off&#8221; use_manual_excerpt=&#8221;off&#8221; excerpt_length=&#8221;200&#8243; show_more=&#8221;on&#8221; show_author=&#8221;off&#8221; show_categories=&#8221;off&#8221; module_class=&#8221;ausschreibung&#8221; _builder_version=&#8221;4.14.2&#8243; header_font=&#8221;|600|||||||&#8221; header_font_size=&#8221;16px&#8221; header_line_height=&#8221;1.4em&#8221; body_line_height=&#8221;1.5em&#8221; read_more_font=&#8221;|600|||||||&#8221; read_more_text_color=&#8221;gcid-85e14197-affb-497b-92be-ebc8bb717228&#8243; custom_margin=&#8221;-3px|||||&#8221; hover_enabled=&#8221;0&#8243; custom_css_content=&#8221;    -moz-hyphens: auto;||   -o-hyphens: auto;||   -webkit-hyphens: auto;||   -ms-hyphens: auto;||   hyphens: auto;  &#8221; border_width_all=&#8221;0px&#8221; global_colors_info=&#8221;{%22gcid-85e14197-affb-497b-92be-ebc8bb717228%22:%91%22read_more_text_color%22%93}&#8221; header_text_color__hover=&#8221;#6da400&#8243; header_text_color__hover_enabled=&#8221;on|hover&#8221; read_more_text_color__hover=&#8221;#000000&#8243; read_more_text_color__hover_enabled=&#8221;on|hover&#8221; sticky_enabled=&#8221;0&#8243;][\/et_pb_blog][\/et_pb_column][\/et_pb_row][\/et_pb_section]<\/p>\n","protected":false},"excerpt":{"rendered":"<p>An der GSofLog bewerben: So geht\u2019s Du m\u00f6chtest promovieren und Mitglied der GSofLog werden? Wir sind regelm\u00e4\u00dfig im Austausch mit unseren Stipendiengebern und Unternehmen mit aktuellen Herausforderungen aus der Praxis. Unten findest Du eine \u00dcbersicht unserer aktuellen Ausschreibungen und alle Informationenzum Bewerbungsprozess. Sollte einmal nicht das richtige Thema dabei sein, bewerbe Dich gerne initiativ.The application [&hellip;]<\/p>\n","protected":false},"author":1,"featured_media":0,"parent":2670,"menu_order":0,"comment_status":"closed","ping_status":"closed","template":"","meta":{"_et_pb_use_builder":"on","_et_pb_old_content":"","_et_gb_content_width":"","footnotes":"","_links_to":"","_links_to_target":""},"class_list":["post-2718","page","type-page","status-publish","hentry"],"_links":{"self":[{"href":"https:\/\/gsoflog.lfo.tu-dortmund.de\/en\/wp-json\/wp\/v2\/pages\/2718","targetHints":{"allow":["GET"]}}],"collection":[{"href":"https:\/\/gsoflog.lfo.tu-dortmund.de\/en\/wp-json\/wp\/v2\/pages"}],"about":[{"href":"https:\/\/gsoflog.lfo.tu-dortmund.de\/en\/wp-json\/wp\/v2\/types\/page"}],"author":[{"embeddable":true,"href":"https:\/\/gsoflog.lfo.tu-dortmund.de\/en\/wp-json\/wp\/v2\/users\/1"}],"replies":[{"embeddable":true,"href":"https:\/\/gsoflog.lfo.tu-dortmund.de\/en\/wp-json\/wp\/v2\/comments?post=2718"}],"version-history":[{"count":6,"href":"https:\/\/gsoflog.lfo.tu-dortmund.de\/en\/wp-json\/wp\/v2\/pages\/2718\/revisions"}],"predecessor-version":[{"id":6185,"href":"https:\/\/gsoflog.lfo.tu-dortmund.de\/en\/wp-json\/wp\/v2\/pages\/2718\/revisions\/6185"}],"up":[{"embeddable":true,"href":"https:\/\/gsoflog.lfo.tu-dortmund.de\/en\/wp-json\/wp\/v2\/pages\/2670"}],"wp:attachment":[{"href":"https:\/\/gsoflog.lfo.tu-dortmund.de\/en\/wp-json\/wp\/v2\/media?parent=2718"}],"curies":[{"name":"wp","href":"https:\/\/api.w.org\/{rel}","templated":true}]}}