{"id":2722,"date":"2019-11-18T17:35:01","date_gmt":"2019-11-18T16:35:01","guid":{"rendered":"https:\/\/gsoflog.lfo.tu-dortmund.de\/legal-notice\/"},"modified":"2025-11-14T11:14:05","modified_gmt":"2025-11-14T10:14:05","slug":"legal-notice","status":"publish","type":"page","link":"https:\/\/gsoflog.lfo.tu-dortmund.de\/en\/legal-notice\/","title":{"rendered":"Legal notice"},"content":{"rendered":"<p>[et_pb_section fb_built=&#8221;1&#8243; _builder_version=&#8221;4.16&#8243; background_color=&#8221;rgba(109,164,0,0.3)&#8221; custom_padding=&#8221;0px||0px||false|false&#8221; border_color_top=&#8221;#ffffff&#8221; border_color_bottom=&#8221;#ffffff&#8221; saved_tabs=&#8221;all&#8221; global_colors_info=&#8221;{}&#8221;][et_pb_row _builder_version=&#8221;4.16&#8243; custom_padding=&#8221;6px||4px||false|false&#8221; global_colors_info=&#8221;{}&#8221;][et_pb_column type=&#8221;4_4&#8243; _builder_version=&#8221;4.16&#8243; global_colors_info=&#8221;{}&#8221;][et_pb_dmb_breadcrumbs use_home_text=&#8221;on&#8221; _builder_version=&#8221;4.16&#8243; global_colors_info=&#8221;{}&#8221;][\/et_pb_dmb_breadcrumbs][\/et_pb_column][\/et_pb_row][\/et_pb_section][et_pb_section fb_built=&#8221;1&#8243; _builder_version=&#8221;4.16&#8243; global_colors_info=&#8221;{}&#8221;][et_pb_row _builder_version=&#8221;4.16&#8243; global_colors_info=&#8221;{}&#8221;][et_pb_column type=&#8221;4_4&#8243; _builder_version=&#8221;4.16&#8243; global_colors_info=&#8221;{}&#8221;][et_pb_text _builder_version=&#8221;4.16&#8243; header_font=&#8221;|600|||||||&#8221; global_colors_info=&#8221;{}&#8221;]<\/p>\n<h1>Legal notice<\/h1>\n<p>&nbsp;<\/p>\n<h3>Verantwortlich f\u00fcr diese Seiten<\/h3>\n<p>Prof. Dr. Michael Henke<br \/>Leonhard Euler Stra\u00dfe 5<br \/>44227 Dortmund<br \/>Tel.: 0231\/755-5771<br \/>Fax: 0231\/755-5772<br \/>E-Mail: <span id=\"cloak5c6df7df3b21926fb5dd3a756d5332c1\" style=\"color: #000000;\"><a style=\"color: #000000;\">michael.henke[at]tu-dortmund.de<\/a><\/span><\/p>\n<p>&nbsp;<\/p>\n<h3>Verantwortlich f\u00fcr die Seiten der Technischen Universit\u00e4t Dortmund<\/h3>\n<p>Rektor der Technischen Universit\u00e4t Dortmund<br \/>Prof. Dr. Manfred Bayer<br \/>August-Schmidt-Str. 4<br \/>44227 Dortmund<br \/>Kontakt: <a href=\"mailto:presse@tu-dortmund.de\" class=\"email\">E-Mail senden<\/a><\/p>\n<p>Technische Universit\u00e4t Dortmund<br \/>Referat Hochschulkommunikation<br \/>Baroper Stra\u00dfe 285<br \/>44227 Dortmund<br \/>Telefon: 0231-755 2222<br \/>EMail: <a href=\"mailto:presse@tu-dortmund.de\" class=\"email\">E-Mail senden<\/a><\/p>\n<p>Umsatzsteuer-ID-Nummer der Technischen Universit\u00e4t Dortmund: DE 811258273<\/p>\n<p><a href=\"https:\/\/www.tu-dortmund.de\/impressum\/\">https:\/\/www.tu-dortmund.de\/impressum\/<\/a>\u00a0<\/p>\n<h3>Inhalt<\/h3>\n<p>Wir sind um Richtigkeit und Aktualit\u00e4t der auf dieser Internetpr\u00e4senz bereitgestellten Informationen bem\u00fcht. Trotzdem k\u00f6nnen Fehler und Unklarheiten nicht vollst\u00e4ndig ausgeschlossen werden. Deshalb wird keine Gew\u00e4hr f\u00fcr die Aktualit\u00e4t, Richtigkeit und Vollst\u00e4ndigkeit der bereitgestellten Informationen \u00fcbernommen. F\u00fcr Sch\u00e4den materieller oder immaterieller Art, die durch die Nutzung oder Nichtnutzung der angebotenen Informationen unmittelbar oder mittelbar verursacht werden, wird nicht gehaftet. Es wird vorbehalten, Teile des Internetangebots oder das gesamte Angebot ohne gesonderte Ank\u00fcndigung zu ver\u00e4ndern, zu erg\u00e4nzen, zu l\u00f6schen oder die Ver\u00f6ffentlichung zeitweise oder endg\u00fcltig einzustellen.<\/p>\n<p>&nbsp;<\/p>\n<h3>Verweise<\/h3>\n<p>Verweise auf Seiten im Internet, f\u00fcr deren Inhalt der Seitenbetreiber nicht verantwortlich ist, werden in einem eigenen Fenster ge\u00f6ffnet. Zum Zeitpunkt der Verweissetzung zu verlinkten Seiten waren dort keine illegalen Inhalte erkennbar. Auf die aktuelle und zuk\u00fcnftige Gestaltung, die Inhalte oder die Urheberschaft der verlinkten Seiten hat der Seitenbetreiber keinen Einfluss. Der Seitenbetreiber hat keine Kenntnis \u00fcber rechtswidrige oder anst\u00f6\u00dfige Inhalte auf den verlinkten Seiten fremder Anbieter. Sollten auf den verlinkten Seiten fremder Anbieter dennoch rechtswidrige oder anst\u00f6\u00dfige Inhalte enthalten sein, so distanziert sich der Seitenbetreiber von diesen Inhalten ausdr\u00fccklich. Bitte teilen Sie dem Webmaster mit, wenn Sie von rechtswidrigen oder anst\u00f6\u00dfigen Inhalten auf den verlinkten Seiten Kenntnis haben.<\/p>\n<p>&nbsp;<\/p>\n<h3>Bildnachweise<\/h3>\n<p>Stefanie Kleemann, Dortmund-Agentur, Stadt Dortmund; GSofLog; Fotolia; iStock<\/p>\n<p>[\/et_pb_text][\/et_pb_column][\/et_pb_row][\/et_pb_section]<\/p>\n","protected":false},"excerpt":{"rendered":"<p>Legal notice &nbsp; Verantwortlich f\u00fcr diese Seiten Prof. Dr. Michael HenkeLeonhard Euler Stra\u00dfe 544227 DortmundTel.: 0231\/755-5771Fax: 0231\/755-5772E-Mail: michael.henke[at]tu-dortmund.de &nbsp; Verantwortlich f\u00fcr die Seiten der Technischen Universit\u00e4t Dortmund Rektor der Technischen Universit\u00e4t DortmundProf. Dr. Manfred BayerAugust-Schmidt-Str. 444227 DortmundKontakt: E-Mail senden Technische Universit\u00e4t DortmundReferat HochschulkommunikationBaroper Stra\u00dfe 28544227 DortmundTelefon: 0231-755 2222EMail: E-Mail senden Umsatzsteuer-ID-Nummer der Technischen Universit\u00e4t Dortmund: [&hellip;]<\/p>\n","protected":false},"author":1,"featured_media":0,"parent":0,"menu_order":0,"comment_status":"closed","ping_status":"closed","template":"","meta":{"_et_pb_use_builder":"on","_et_pb_old_content":"","_et_gb_content_width":"","footnotes":"","_links_to":"","_links_to_target":""},"class_list":["post-2722","page","type-page","status-publish","hentry"],"_links":{"self":[{"href":"https:\/\/gsoflog.lfo.tu-dortmund.de\/en\/wp-json\/wp\/v2\/pages\/2722","targetHints":{"allow":["GET"]}}],"collection":[{"href":"https:\/\/gsoflog.lfo.tu-dortmund.de\/en\/wp-json\/wp\/v2\/pages"}],"about":[{"href":"https:\/\/gsoflog.lfo.tu-dortmund.de\/en\/wp-json\/wp\/v2\/types\/page"}],"author":[{"embeddable":true,"href":"https:\/\/gsoflog.lfo.tu-dortmund.de\/en\/wp-json\/wp\/v2\/users\/1"}],"replies":[{"embeddable":true,"href":"https:\/\/gsoflog.lfo.tu-dortmund.de\/en\/wp-json\/wp\/v2\/comments?post=2722"}],"version-history":[{"count":5,"href":"https:\/\/gsoflog.lfo.tu-dortmund.de\/en\/wp-json\/wp\/v2\/pages\/2722\/revisions"}],"predecessor-version":[{"id":13186,"href":"https:\/\/gsoflog.lfo.tu-dortmund.de\/en\/wp-json\/wp\/v2\/pages\/2722\/revisions\/13186"}],"wp:attachment":[{"href":"https:\/\/gsoflog.lfo.tu-dortmund.de\/en\/wp-json\/wp\/v2\/media?parent=2722"}],"curies":[{"name":"wp","href":"https:\/\/api.w.org\/{rel}","templated":true}]}}